{"id":4524,"date":"2025-06-19T15:13:40","date_gmt":"2025-06-19T15:13:40","guid":{"rendered":"https:\/\/inditec.nl\/product\/applied-aquablaster-xtreme-100l-2\/"},"modified":"2025-07-18T10:12:12","modified_gmt":"2025-07-18T10:12:12","slug":"applied-aquablaster-xtreme-100l-2","status":"publish","type":"product","link":"https:\/\/inditec.nl\/de\/produkte\/applied-aquablaster-xtreme-100l-2\/","title":{"rendered":"Applied Aquablaster Xtreme 100L"},"content":{"rendered":"<p>Der Applied 100-Liter-Strahltank ist bei professionellen Fachleuten sehr beliebt.<\/p>\n<p>Ideal f\u00fcr das Strahlen an Orten, wo Staub unerw\u00fcnscht ist.<\/p>\n<p>Ausgestattet mit einer selbstansaugenden Membranpumpe, die das Strahlen ohne Wasseranschluss erm\u00f6glicht.<\/p>\n<p>Der Preis ist standardm\u00e4\u00dfig inklusive Zufuhrschlauch, Strahlschlauch 20 Meter und einer w\u00e4hlbaren Wolframkarbid-D\u00fcse.<\/p>\n<p>&nbsp;<\/p>\n<p>&nbsp;<\/p>\n<p>\u2013 Alle Tanks sind mit einer Pop-up-Stil-F\u00fcll\u00f6ffnung mit integriertem Trichter ausgestattet.<\/p>\n<p>\u2013 F\u00fcr mehrere Zwecke geeignet, Arbeitsdr\u00fccke ab 5 bis 8 bar.<\/p>\n<p>\u2013 D\u00fcsengr\u00f6\u00dfen von 5 bis 12,5 mm!<\/p>\n<p>\u2013 Alle Tanks von 20 bis 200 Liter sind mit einer abschlie\u00dfbaren Inspektions\u00f6ffnung ausgestattet.<\/p>\n<p>\u2013 Alle Tanks k\u00f6nnen mit einem Nassstrahlkopf ausgestattet werden.<\/p>\n<p>\u2013 Sehr gute europ\u00e4ische Qualit\u00e4t, Ersatzteile verf\u00fcgbar mit sehr kurzer Lieferzeit.<\/p>\n<p>\u2013 Standardm\u00e4\u00dfig mit Drosselventil ausgestattet, um Verstopfungen zu entfernen.<\/p>\n<p>\u2013 Standardm\u00e4\u00dfig mit zus\u00e4tzlichem Feuchtigkeitsabscheider f\u00fcr extra trockene Luft.<\/p>\n<p><iframe title=\"Dustless Blasting a Land Rover Defender - AquaBlaster - Wet Sandblasting - https:\/\/appliedpi.com\/\" width=\"500\" height=\"281\" src=\"https:\/\/www.youtube.com\/embed\/Ge34kW6vtjM?feature=oembed\" frameborder=\"0\" allow=\"accelerometer; autoplay; clipboard-write; encrypted-media; gyroscope; picture-in-picture; web-share\" referrerpolicy=\"strict-origin-when-cross-origin\" allowfullscreen><\/iframe><\/p>\n","protected":false},"excerpt":{"rendered":"<p>Der Applied 100-Liter-Strahltank ist bei professionellen Fachleuten sehr beliebt. Ideal f\u00fcr das Strahlen an Orten, wo Staub unerw\u00fcnscht ist. Ausgestattet mit einer selbstansaugenden Membranpumpe, die das Strahlen ohne Wasseranschluss erm\u00f6glicht. Der Preis ist standardm\u00e4\u00dfig inklusive Zufuhrschlauch, Strahlschlauch 20 Meter und einer w\u00e4hlbaren Wolframkarbid-D\u00fcse. &nbsp; &nbsp; \u2013 Alle Tanks sind mit einer Pop-up-Stil-F\u00fcll\u00f6ffnung mit integriertem Trichter [&hellip;]<\/p>\n","protected":false},"featured_media":4907,"template":"","meta":{"_acf_changed":false,"_seopress_robots_primary_cat":"none","_seopress_titles_title":"","_seopress_titles_desc":"","_seopress_robots_index":""},"product_brand":[],"product_cat":[102],"product_tag":[],"class_list":{"0":"post-4524","1":"product","2":"type-product","3":"status-publish","4":"has-post-thumbnail","6":"product_cat-strahlkessel","7":"product_shipping_class-europallet-120x80x100cm-200kg-de","9":"first","10":"outofstock","11":"taxable","12":"shipping-taxable","13":"purchasable","14":"product-type-simple"},"acf":[],"_links":{"self":[{"href":"https:\/\/inditec.nl\/de\/wp-json\/wp\/v2\/product\/4524","targetHints":{"allow":["GET"]}}],"collection":[{"href":"https:\/\/inditec.nl\/de\/wp-json\/wp\/v2\/product"}],"about":[{"href":"https:\/\/inditec.nl\/de\/wp-json\/wp\/v2\/types\/product"}],"wp:featuredmedia":[{"embeddable":true,"href":"https:\/\/inditec.nl\/de\/wp-json\/wp\/v2\/media\/4907"}],"wp:attachment":[{"href":"https:\/\/inditec.nl\/de\/wp-json\/wp\/v2\/media?parent=4524"}],"wp:term":[{"taxonomy":"product_brand","embeddable":true,"href":"https:\/\/inditec.nl\/de\/wp-json\/wp\/v2\/product_brand?post=4524"},{"taxonomy":"product_cat","embeddable":true,"href":"https:\/\/inditec.nl\/de\/wp-json\/wp\/v2\/product_cat?post=4524"},{"taxonomy":"product_tag","embeddable":true,"href":"https:\/\/inditec.nl\/de\/wp-json\/wp\/v2\/product_tag?post=4524"}],"curies":[{"name":"wp","href":"https:\/\/api.w.org\/{rel}","templated":true}]}}