{"id":4522,"date":"2025-06-19T15:13:41","date_gmt":"2025-06-19T15:13:41","guid":{"rendered":"https:\/\/inditec.nl\/product\/applied-elite-druckstrahlkabine\/"},"modified":"2025-07-18T10:14:43","modified_gmt":"2025-07-18T10:14:43","slug":"applied-elite-druckstrahlkabine","status":"publish","type":"product","link":"https:\/\/inditec.nl\/de\/produkte\/applied-elite-druckstrahlkabine\/","title":{"rendered":"Applied Elite Druckstrahlkabine"},"content":{"rendered":"<p>Die Applied Elite Druckstrahlkabine ist \u00e4u\u00dferst geeignet f\u00fcr stark verrostete Teile oder Teile, die mit vielen Farbschichten versehen sind.<\/p>\n<p>W\u00e4hrend es bei einer normalen Strahlkabine manchmal lange dauert, bis das gew\u00fcnschte Ergebnis erreicht ist, geh\u00f6rt das mit einer <strong>Druckstrahlkabine<\/strong> der Vergangenheit an.<\/p>\n<p>Da das Strahlmittel und die Luft unter Druck zusammenkommen, kann die D\u00fcsengr\u00f6\u00dfe optimal abgestimmt werden.<\/p>\n<p>Dar\u00fcber hinaus hat das Strahlmittel einen l\u00e4ngeren Weg, um Geschwindigkeit aufzunehmen, und hat dadurch ein viel gr\u00f6\u00dferes abrasives Verm\u00f6gen.<\/p>\n<ul>\n<li>Dreifache T\u00fcren: Links, rechts, Mitte.<\/li>\n<li>Wolframkarbid-D\u00fcse (Wolframcarbide)<\/li>\n<li>Elektrische Steuerung<\/li>\n<li>Arbeitsbeleuchtung<\/li>\n<li>Staubabsaugung<\/li>\n<li>Heavy Duty Gummi-Innenverkleidung<\/li>\n<li>20 Liter Strahlmittelreservoir f\u00fcr langen durchgehenden Gebrauch<\/li>\n<li>Feinabstimmung der Sandzufuhr<\/li>\n<li>Pulverbeschichtung-Ausarbeitung<\/li>\n<li>Wird mit Ersatzscheiben geliefert<\/li>\n<\/ul>\n","protected":false},"excerpt":{"rendered":"<p>Die Applied Elite Druckstrahlkabine ist \u00e4u\u00dferst geeignet f\u00fcr stark verrostete Teile oder Teile, die mit vielen Farbschichten versehen sind. W\u00e4hrend es bei einer normalen Strahlkabine manchmal lange dauert, bis das gew\u00fcnschte Ergebnis erreicht ist, geh\u00f6rt das mit einer Druckstrahlkabine der Vergangenheit an. Da das Strahlmittel und die Luft unter Druck zusammenkommen, kann die D\u00fcsengr\u00f6\u00dfe optimal [&hellip;]<\/p>\n","protected":false},"featured_media":4901,"template":"","meta":{"_acf_changed":false,"_seopress_robots_primary_cat":"none","_seopress_titles_title":"","_seopress_titles_desc":"","_seopress_robots_index":""},"product_brand":[],"product_cat":[102],"product_tag":[],"class_list":{"0":"post-4522","1":"product","2":"type-product","3":"status-publish","4":"has-post-thumbnail","6":"product_cat-strahlkessel","7":"product_shipping_class-pickup-only-de","9":"first","10":"outofstock","11":"taxable","12":"shipping-taxable","13":"product-type-simple"},"acf":[],"_links":{"self":[{"href":"https:\/\/inditec.nl\/de\/wp-json\/wp\/v2\/product\/4522","targetHints":{"allow":["GET"]}}],"collection":[{"href":"https:\/\/inditec.nl\/de\/wp-json\/wp\/v2\/product"}],"about":[{"href":"https:\/\/inditec.nl\/de\/wp-json\/wp\/v2\/types\/product"}],"wp:featuredmedia":[{"embeddable":true,"href":"https:\/\/inditec.nl\/de\/wp-json\/wp\/v2\/media\/4901"}],"wp:attachment":[{"href":"https:\/\/inditec.nl\/de\/wp-json\/wp\/v2\/media?parent=4522"}],"wp:term":[{"taxonomy":"product_brand","embeddable":true,"href":"https:\/\/inditec.nl\/de\/wp-json\/wp\/v2\/product_brand?post=4522"},{"taxonomy":"product_cat","embeddable":true,"href":"https:\/\/inditec.nl\/de\/wp-json\/wp\/v2\/product_cat?post=4522"},{"taxonomy":"product_tag","embeddable":true,"href":"https:\/\/inditec.nl\/de\/wp-json\/wp\/v2\/product_tag?post=4522"}],"curies":[{"name":"wp","href":"https:\/\/api.w.org\/{rel}","templated":true}]}}