{"id":4521,"date":"2025-06-19T15:13:40","date_gmt":"2025-06-19T15:13:40","guid":{"rendered":"https:\/\/inditec.nl\/product\/applied-multimedia-xtreme-40-2\/"},"modified":"2025-07-18T10:12:11","modified_gmt":"2025-07-18T10:12:11","slug":"applied-multimedia-xtreme-40-2","status":"publish","type":"product","link":"https:\/\/inditec.nl\/de\/produkte\/applied-multimedia-xtreme-40-2\/","title":{"rendered":"Applied Multimedia Xtreme 40"},"content":{"rendered":"<div class=\"description\">\n<h1><span style=\"font-size: 16px;\">Der Applied Multimedia Xtreme 40 ist der ideale Soda-Strahltank.<\/span><\/h1>\n<div class=\"description\">\n<p>Durch den Vibrationsmotor wird die Durchstr\u00f6mung des Strahlmittels verbessert.<\/p>\n<p>Dadurch k\u00f6nnen auch Strahlsorten verarbeitet werden, die normalerweise schwer zu verarbeiten sind.<\/p>\n<p>Beispiele: Soda, Walnuss-Schale und Kunststoff-Medien.<\/p>\n<p>&nbsp;<\/p>\n<p>Der Preis ist standardm\u00e4\u00dfig inklusive Zufuhrschlauch, Strahlschlauch 10 Meter und einer w\u00e4hlbaren D\u00fcse.<\/p>\n<p>Dieser Tank ist mit einem 10 Meter Strahlschlauch ausgestattet und kann auf Anfrage mit Nassstrahlm\u00f6glichkeit versehen werden.<\/p>\n<p>&nbsp;<\/p>\n<p>\u2013 Alle Tanks sind mit einer Pop-up-Stil-F\u00fcll\u00f6ffnung mit integriertem Trichter ausgestattet.<\/p>\n<p>\u2013 F\u00fcr mehrere Zwecke geeignet, Arbeitsdr\u00fccke ab 3 bis 8 bar.<\/p>\n<p>\u2013 D\u00fcsengr\u00f6\u00dfen von 3,2 bis 12,5 mm!<\/p>\n<p>\u2013 Alle Tanks von 20 bis 200 Liter sind mit einer abschlie\u00dfbaren Inspektions\u00f6ffnung ausgestattet.<\/p>\n<p>\u2013 Alle Tanks k\u00f6nnen mit einem Nassstrahlkopf ausgestattet werden.<\/p>\n<p>\u2013 Sehr gute europ\u00e4ische Qualit\u00e4t, Ersatzteile verf\u00fcgbar mit sehr kurzer Lieferzeit.<\/p>\n<p>\u2013 Standardm\u00e4\u00dfig mit Drosselventil ausgestattet, um Verstopfungen zu entfernen.<\/p>\n<p>\u2013 Standaard extra vochtafscheider voor extra droge lucht.<\/p>\n<\/div>\n<p><iframe title=\"Soda Blasting An Egg\" width=\"500\" height=\"281\" src=\"https:\/\/www.youtube.com\/embed\/sg9nzlB4SMw?feature=oembed\" frameborder=\"0\" allow=\"accelerometer; autoplay; clipboard-write; encrypted-media; gyroscope; picture-in-picture; web-share\" referrerpolicy=\"strict-origin-when-cross-origin\" allowfullscreen><\/iframe><\/p>\n<\/div>\n","protected":false},"excerpt":{"rendered":"<p>Der Applied Multimedia Xtreme 40 ist der ideale Soda-Strahltank. Durch den Vibrationsmotor wird die Durchstr\u00f6mung des Strahlmittels verbessert. Dadurch k\u00f6nnen auch Strahlsorten verarbeitet werden, die normalerweise schwer zu verarbeiten sind. Beispiele: Soda, Walnuss-Schale und Kunststoff-Medien. &nbsp; Der Preis ist standardm\u00e4\u00dfig inklusive Zufuhrschlauch, Strahlschlauch 10 Meter und einer w\u00e4hlbaren D\u00fcse. Dieser Tank ist mit einem 10 [&hellip;]<\/p>\n","protected":false},"featured_media":4910,"template":"","meta":{"_acf_changed":false,"_seopress_robots_primary_cat":"none","_seopress_titles_title":"","_seopress_titles_desc":"","_seopress_robots_index":""},"product_brand":[],"product_cat":[102],"product_tag":[],"class_list":{"0":"post-4521","1":"product","2":"type-product","3":"status-publish","4":"has-post-thumbnail","6":"product_cat-strahlkessel","7":"product_shipping_class-europallet-120x80x100cm-200kg-de","9":"first","10":"outofstock","11":"taxable","12":"shipping-taxable","13":"purchasable","14":"product-type-simple"},"acf":[],"_links":{"self":[{"href":"https:\/\/inditec.nl\/de\/wp-json\/wp\/v2\/product\/4521","targetHints":{"allow":["GET"]}}],"collection":[{"href":"https:\/\/inditec.nl\/de\/wp-json\/wp\/v2\/product"}],"about":[{"href":"https:\/\/inditec.nl\/de\/wp-json\/wp\/v2\/types\/product"}],"wp:featuredmedia":[{"embeddable":true,"href":"https:\/\/inditec.nl\/de\/wp-json\/wp\/v2\/media\/4910"}],"wp:attachment":[{"href":"https:\/\/inditec.nl\/de\/wp-json\/wp\/v2\/media?parent=4521"}],"wp:term":[{"taxonomy":"product_brand","embeddable":true,"href":"https:\/\/inditec.nl\/de\/wp-json\/wp\/v2\/product_brand?post=4521"},{"taxonomy":"product_cat","embeddable":true,"href":"https:\/\/inditec.nl\/de\/wp-json\/wp\/v2\/product_cat?post=4521"},{"taxonomy":"product_tag","embeddable":true,"href":"https:\/\/inditec.nl\/de\/wp-json\/wp\/v2\/product_tag?post=4521"}],"curies":[{"name":"wp","href":"https:\/\/api.w.org\/{rel}","templated":true}]}}