{"id":4519,"date":"2025-06-19T15:13:38","date_gmt":"2025-06-19T15:13:38","guid":{"rendered":"https:\/\/inditec.nl\/product\/applied-40l-strahltank\/"},"modified":"2025-07-18T10:12:13","modified_gmt":"2025-07-18T10:12:13","slug":"applied-40l-strahltank","status":"publish","type":"product","link":"https:\/\/inditec.nl\/de\/produkte\/applied-40l-strahltank\/","title":{"rendered":"Applied 40L Strahltank"},"content":{"rendered":"<p>Der Applied 40-Liter-Strahltank ist sehr beliebt bei professionellen Fassadenreinigern.<\/p>\n<p>Der Preis ist standardm\u00e4\u00dfig inklusive Zufuhrschlauch, Strahlschlauch 10 Meter und einer kurzen D\u00fcse von 6 mm.<\/p>\n<p>Dieser Tank kann nach Wunsch mit einem 20 Meter Strahlschlauch mit Nassstrahlm\u00f6glichkeit ausgestattet werden.<\/p>\n<p>&nbsp;<\/p>\n<p>Alle Tanks sind mit einer Pop-up-Stil-F\u00fcll\u00f6ffnung mit integriertem Trichter ausgestattet.<\/p>\n<p>F\u00fcr mehrere Zwecke geeignet, Arbeitsdr\u00fccke ab 3 bis 8 bar.<\/p>\n<p>D\u00fcsengr\u00f6\u00dfen von 3,2 bis 12,5 mm!<\/p>\n<p>Alle Tanks von 20 bis 200 Liter sind mit einer abschlie\u00dfbaren Inspektions\u00f6ffnung ausgestattet.<\/p>\n<p>Alle Tanks k\u00f6nnen mit einem Nassstrahlkopf ausgestattet werden.<\/p>\n<p>Sehr gute europ\u00e4ische Qualit\u00e4t, Ersatzteile verf\u00fcgbar mit sehr kurzer Lieferzeit.<\/p>\n<p>Standardm\u00e4\u00dfig mit Drosselventil ausgestattet, um Verstopfungen zu entfernen.<\/p>\n<p>Standardm\u00e4\u00dfig mit zus\u00e4tzlichem Feuchtigkeitsabscheider f\u00fcr extra trockene Luft.<\/p>\n<p><iframe title=\"De voordelen van een Applied zandstraalketel op een rij!\" width=\"500\" height=\"281\" src=\"https:\/\/www.youtube.com\/embed\/wIw7vtXapeQ?feature=oembed\" frameborder=\"0\" allow=\"accelerometer; autoplay; clipboard-write; encrypted-media; gyroscope; picture-in-picture; web-share\" referrerpolicy=\"strict-origin-when-cross-origin\" allowfullscreen><\/iframe><\/p>\n","protected":false},"excerpt":{"rendered":"<p>Der Applied 40-Liter-Strahltank ist sehr beliebt bei professionellen Fassadenreinigern. Der Preis ist standardm\u00e4\u00dfig inklusive Zufuhrschlauch, Strahlschlauch 10 Meter und einer kurzen D\u00fcse von 6 mm. Dieser Tank kann nach Wunsch mit einem 20 Meter Strahlschlauch mit Nassstrahlm\u00f6glichkeit ausgestattet werden. &nbsp; Alle Tanks sind mit einer Pop-up-Stil-F\u00fcll\u00f6ffnung mit integriertem Trichter ausgestattet. F\u00fcr mehrere Zwecke geeignet, Arbeitsdr\u00fccke [&hellip;]<\/p>\n","protected":false},"featured_media":4916,"template":"","meta":{"_acf_changed":false,"_seopress_robots_primary_cat":"none","_seopress_titles_title":"","_seopress_titles_desc":"","_seopress_robots_index":""},"product_brand":[],"product_cat":[102],"product_tag":[],"class_list":{"0":"post-4519","1":"product","2":"type-product","3":"status-publish","4":"has-post-thumbnail","6":"product_cat-strahlkessel","7":"product_shipping_class-europallet-120x80x100cm-200kg-de","9":"first","10":"instock","11":"taxable","12":"shipping-taxable","13":"purchasable","14":"product-type-simple"},"acf":[],"_links":{"self":[{"href":"https:\/\/inditec.nl\/de\/wp-json\/wp\/v2\/product\/4519","targetHints":{"allow":["GET"]}}],"collection":[{"href":"https:\/\/inditec.nl\/de\/wp-json\/wp\/v2\/product"}],"about":[{"href":"https:\/\/inditec.nl\/de\/wp-json\/wp\/v2\/types\/product"}],"wp:featuredmedia":[{"embeddable":true,"href":"https:\/\/inditec.nl\/de\/wp-json\/wp\/v2\/media\/4916"}],"wp:attachment":[{"href":"https:\/\/inditec.nl\/de\/wp-json\/wp\/v2\/media?parent=4519"}],"wp:term":[{"taxonomy":"product_brand","embeddable":true,"href":"https:\/\/inditec.nl\/de\/wp-json\/wp\/v2\/product_brand?post=4519"},{"taxonomy":"product_cat","embeddable":true,"href":"https:\/\/inditec.nl\/de\/wp-json\/wp\/v2\/product_cat?post=4519"},{"taxonomy":"product_tag","embeddable":true,"href":"https:\/\/inditec.nl\/de\/wp-json\/wp\/v2\/product_tag?post=4519"}],"curies":[{"name":"wp","href":"https:\/\/api.w.org\/{rel}","templated":true}]}}