{"id":4518,"date":"2025-06-19T15:13:41","date_gmt":"2025-06-19T15:13:41","guid":{"rendered":"https:\/\/inditec.nl\/product\/applied-20l-strahltank\/"},"modified":"2025-07-18T10:12:11","modified_gmt":"2025-07-18T10:12:11","slug":"applied-20l-strahltank","status":"publish","type":"product","link":"https:\/\/inditec.nl\/de\/produkte\/applied-20l-strahltank\/","title":{"rendered":"Applied 20L Strahltank"},"content":{"rendered":"<p>Der Applied 20L Strahltank ist sehr geeignet f\u00fcr kleine Strahlprojekte. Mit einer Strahlzeit von etwa 10 Minuten bis zum Nachf\u00fcllen ist dieses Modell ideal, um Rollerrahmen, ein Autochassis oder Blechwerk damit zu strahlen. <\/p>\n<p>Auch Fassadenrenovierung ist mit diesem Modell m\u00f6glich, aber oft w\u00e4hlen diese Personen dann die 40L-Variante.<\/p>\n<p>Luftschleifen ist mit diesem Strahltank ebenfalls m\u00f6glich, aber dann muss ein Druckregler montiert werden.<\/p>\n<p>Die 20- und 40L-Strahltanks k\u00f6nnen mit einer Strahlpistole wie abgebildet ausgestattet werden, eventuell auch mit Nassstrahlkopf.<\/p>\n<p style=\"text-align: left;\"><a href=\"https:\/\/youtube.com\/shorts\/BlK_d7OBsrs?si=aaGOkg_bUVW6kkgD\">Klicken Sie hier f\u00fcr ein Video<\/a><\/p>\n","protected":false},"excerpt":{"rendered":"<p>Der Applied 20L Strahltank ist sehr geeignet f\u00fcr kleine Strahlprojekte. Mit einer Strahlzeit von etwa 10 Minuten bis zum Nachf\u00fcllen ist dieses Modell ideal, um Rollerrahmen, ein Autochassis oder Blechwerk damit zu strahlen. Auch Fassadenrenovierung ist mit diesem Modell m\u00f6glich, aber oft w\u00e4hlen diese Personen dann die 40L-Variante. Luftschleifen ist mit diesem Strahltank ebenfalls m\u00f6glich, [&hellip;]<\/p>\n","protected":false},"featured_media":4895,"template":"","meta":{"_acf_changed":false,"_seopress_robots_primary_cat":"none","_seopress_titles_title":"","_seopress_titles_desc":"","_seopress_robots_index":""},"product_brand":[],"product_cat":[102],"product_tag":[],"class_list":{"0":"post-4518","1":"product","2":"type-product","3":"status-publish","4":"has-post-thumbnail","6":"product_cat-strahlkessel","7":"product_shipping_class-europallet-120x80x100cm-200kg-de","9":"first","10":"instock","11":"featured","12":"taxable","13":"shipping-taxable","14":"purchasable","15":"product-type-simple"},"acf":[],"_links":{"self":[{"href":"https:\/\/inditec.nl\/de\/wp-json\/wp\/v2\/product\/4518","targetHints":{"allow":["GET"]}}],"collection":[{"href":"https:\/\/inditec.nl\/de\/wp-json\/wp\/v2\/product"}],"about":[{"href":"https:\/\/inditec.nl\/de\/wp-json\/wp\/v2\/types\/product"}],"wp:featuredmedia":[{"embeddable":true,"href":"https:\/\/inditec.nl\/de\/wp-json\/wp\/v2\/media\/4895"}],"wp:attachment":[{"href":"https:\/\/inditec.nl\/de\/wp-json\/wp\/v2\/media?parent=4518"}],"wp:term":[{"taxonomy":"product_brand","embeddable":true,"href":"https:\/\/inditec.nl\/de\/wp-json\/wp\/v2\/product_brand?post=4518"},{"taxonomy":"product_cat","embeddable":true,"href":"https:\/\/inditec.nl\/de\/wp-json\/wp\/v2\/product_cat?post=4518"},{"taxonomy":"product_tag","embeddable":true,"href":"https:\/\/inditec.nl\/de\/wp-json\/wp\/v2\/product_tag?post=4518"}],"curies":[{"name":"wp","href":"https:\/\/api.w.org\/{rel}","templated":true}]}}