{"id":4517,"date":"2025-06-19T15:04:17","date_gmt":"2025-06-19T15:04:17","guid":{"rendered":"https:\/\/inditec.nl\/product\/cps2-0-fur-einbau-in-auto-oder-anhanger\/"},"modified":"2025-06-19T15:04:17","modified_gmt":"2025-06-19T15:04:17","slug":"cps2-0-fur-einbau-in-auto-oder-anhanger","status":"publish","type":"product","link":"https:\/\/inditec.nl\/de\/produkte\/cps2-0-fur-einbau-in-auto-oder-anhanger\/","title":{"rendered":"CPS2.0 f\u00fcr Einbau in Auto oder Anh\u00e4nger"},"content":{"rendered":"<p>Diese Kompressoren liefern wir regelm\u00e4\u00dfig an Isolationsunternehmen f\u00fcr den Einbau in Parel-Anh\u00e4nger oder hinten in den Bus.<br \/>\nPreis wie abgebildet: \u20ac9600,- exkl.<br \/>\nPreis mit verzinktem Heftruckrahmen: \u20ac10.000,- exkl.<\/p>\n","protected":false},"excerpt":{"rendered":"<p>Diese Kompressoren liefern wir regelm\u00e4\u00dfig an Isolationsunternehmen f\u00fcr den Einbau in Parel-Anh\u00e4nger oder hinten in den Bus. Preis wie abgebildet: \u20ac9600,- exkl. Preis mit verzinktem Heftruckrahmen: \u20ac10.000,- exkl.<\/p>\n","protected":false},"featured_media":4938,"template":"","meta":{"_acf_changed":false,"_seopress_robots_primary_cat":"none","_seopress_titles_title":"","_seopress_titles_desc":"","_seopress_robots_index":""},"product_brand":[48],"product_cat":[100],"product_tag":[],"class_list":{"0":"post-4517","1":"product","2":"type-product","3":"status-publish","4":"has-post-thumbnail","6":"product_brand-chicago-pneumatic","7":"product_cat-neuer-kompressor","8":"product_shipping_class-pickup-only-de","10":"first","11":"instock","12":"featured","13":"taxable","14":"shipping-taxable","15":"purchasable","16":"product-type-simple"},"acf":[],"_links":{"self":[{"href":"https:\/\/inditec.nl\/de\/wp-json\/wp\/v2\/product\/4517","targetHints":{"allow":["GET"]}}],"collection":[{"href":"https:\/\/inditec.nl\/de\/wp-json\/wp\/v2\/product"}],"about":[{"href":"https:\/\/inditec.nl\/de\/wp-json\/wp\/v2\/types\/product"}],"wp:featuredmedia":[{"embeddable":true,"href":"https:\/\/inditec.nl\/de\/wp-json\/wp\/v2\/media\/4938"}],"wp:attachment":[{"href":"https:\/\/inditec.nl\/de\/wp-json\/wp\/v2\/media?parent=4517"}],"wp:term":[{"taxonomy":"product_brand","embeddable":true,"href":"https:\/\/inditec.nl\/de\/wp-json\/wp\/v2\/product_brand?post=4517"},{"taxonomy":"product_cat","embeddable":true,"href":"https:\/\/inditec.nl\/de\/wp-json\/wp\/v2\/product_cat?post=4517"},{"taxonomy":"product_tag","embeddable":true,"href":"https:\/\/inditec.nl\/de\/wp-json\/wp\/v2\/product_tag?post=4517"}],"curies":[{"name":"wp","href":"https:\/\/api.w.org\/{rel}","templated":true}]}}