{"id":4513,"date":"2025-06-19T15:04:16","date_gmt":"2025-06-19T15:04:16","guid":{"rendered":"https:\/\/inditec.nl\/product\/chicago-pneumatic-cps-2-5-2\/"},"modified":"2025-06-19T15:04:16","modified_gmt":"2025-06-19T15:04:16","slug":"chicago-pneumatic-cps-2-5-2","status":"publish","type":"product","link":"https:\/\/inditec.nl\/de\/produkte\/chicago-pneumatic-cps-2-5-2\/","title":{"rendered":"Chicago Pneumatic CPS 2.5"},"content":{"rendered":"<p>CP Kompressoren werden von dem weltweit renommiertesten Hersteller von Industriekompressoren gebaut. Bereits seit 1901 liefert diese Marke Spitzenqualit\u00e4t mit hoher Effizienz und niedrigen Wartungskosten. Wenn Sie \u00fcber den Anschaffungswert hinausblicken, sind diese Maschinen in Bezug auf Wartung, Restwert und Kraftstoffverbrauch finanziell die attraktivsten auf dem Markt. Es ist kein Zufall, dass viele gro\u00dfe Verleihunternehmen die Zuverl\u00e4ssigkeit von CP Kompressoren w\u00e4hlen.   <\/p>\n<p>Die Chicago Pneumatic Kompressoren sind mit den zuverl\u00e4ssigen und sauberen Kubota-Motoren ausgestattet und mit Arbeitsdr\u00fccken von 7 bis 12 bar erh\u00e4ltlich. Selbst die kleinsten Modelle sind mit einem Nachk\u00fchler lieferbar. <\/p>\n","protected":false},"excerpt":{"rendered":"<p>CP Kompressoren werden von dem weltweit renommiertesten Hersteller von Industriekompressoren gebaut. Bereits seit 1901 liefert diese Marke Spitzenqualit\u00e4t mit hoher Effizienz und niedrigen Wartungskosten. Wenn Sie \u00fcber den Anschaffungswert hinausblicken, sind diese Maschinen in Bezug auf Wartung, Restwert und Kraftstoffverbrauch finanziell die attraktivsten auf dem Markt. Es ist kein Zufall, dass viele gro\u00dfe Verleihunternehmen die [&hellip;]<\/p>\n","protected":false},"featured_media":5173,"template":"","meta":{"_acf_changed":false,"_seopress_robots_primary_cat":"none","_seopress_titles_title":"","_seopress_titles_desc":"","_seopress_robots_index":""},"product_brand":[48],"product_cat":[100],"product_tag":[],"class_list":{"0":"post-4513","1":"product","2":"type-product","3":"status-publish","4":"has-post-thumbnail","6":"product_brand-chicago-pneumatic","7":"product_cat-neuer-kompressor","8":"product_shipping_class-pickup-only-de","10":"first","11":"instock","12":"taxable","13":"shipping-taxable","14":"purchasable","15":"product-type-simple"},"acf":[],"_links":{"self":[{"href":"https:\/\/inditec.nl\/de\/wp-json\/wp\/v2\/product\/4513","targetHints":{"allow":["GET"]}}],"collection":[{"href":"https:\/\/inditec.nl\/de\/wp-json\/wp\/v2\/product"}],"about":[{"href":"https:\/\/inditec.nl\/de\/wp-json\/wp\/v2\/types\/product"}],"wp:featuredmedia":[{"embeddable":true,"href":"https:\/\/inditec.nl\/de\/wp-json\/wp\/v2\/media\/5173"}],"wp:attachment":[{"href":"https:\/\/inditec.nl\/de\/wp-json\/wp\/v2\/media?parent=4513"}],"wp:term":[{"taxonomy":"product_brand","embeddable":true,"href":"https:\/\/inditec.nl\/de\/wp-json\/wp\/v2\/product_brand?post=4513"},{"taxonomy":"product_cat","embeddable":true,"href":"https:\/\/inditec.nl\/de\/wp-json\/wp\/v2\/product_cat?post=4513"},{"taxonomy":"product_tag","embeddable":true,"href":"https:\/\/inditec.nl\/de\/wp-json\/wp\/v2\/product_tag?post=4513"}],"curies":[{"name":"wp","href":"https:\/\/api.w.org\/{rel}","templated":true}]}}