{"id":4338,"date":"2025-02-11T10:39:08","date_gmt":"2025-02-11T10:39:08","guid":{"rendered":"https:\/\/inditec.nl\/product\/grundomat-bodenrakete-45-mm-mit-beweglicher-stufenkop\/"},"modified":"2025-07-18T10:20:08","modified_gmt":"2025-07-18T10:20:08","slug":"grundomat-bodenrakete-45-mm-mit-beweglicher-stufenkop","status":"publish","type":"product","link":"https:\/\/inditec.nl\/de\/produkte\/grundomat-bodenrakete-45-mm-mit-beweglicher-stufenkop\/","title":{"rendered":"Grundomat Bodenrakete 45 mm mit beweglicher Stufenkop"},"content":{"rendered":"<p>Tracto-Technik GmbH ist der gr\u00f6\u00dfte und \u00e4lteste Lieferant von Bodenraketen. Ingenieur Paul Schmidt gr\u00fcndete das Unternehmen bereits 1962 in Lennestadt, Deutschland.<br \/>\nDas Unternehmen versucht, so viele Prozesse wie m\u00f6glich intern durchzuf\u00fchren, um die Qualit\u00e4t und Lieferzuverl\u00e4ssigkeit hoch zu halten.<br \/>\nDer bewegliche Kopf und der verchromter K\u00f6rper machen diese Raketen ideal f\u00fcr den Einsatz in extrem hartem Boden, wie er oft in Deutschland vorkommt.<br \/>\nAu\u00dferdem sind diese Bodenraketen pr\u00e4ziser als Raketen mit festem Kopf, wodurch \u00fcber l\u00e4ngere Distanzen geschossen werden kann.<\/p>\n<p>Inditec-Kompressoren liefert diese Bodenraketen von 45 bis 180 mm. Auch f\u00fcr Service und Garantie stehen wir Ihnen zur Verf\u00fcgung.<br \/>\nM\u00f6chten Sie von der<strong> Inzahlungnahme-Aktion <\/strong>profitieren? Hierbei wird ein Rabatt von 10 Prozent auf eine neue Grundomat Bodenrakete gew\u00e4hrt, wenn eine <strong>alte Rakete <\/strong>mit gleichem Durchmesser eingetauscht wird. Sehen Sie hier den Katalog: <a href=\"https:\/\/inditec.nl\/wp-content\/uploads\/TRACTO_GRUNDOMAT_ACCESSORIES_EN-1.pdf\">TRACTO_GRUNDOMAT_ACCESSORIES_EN (1)<\/a><\/p>\n<p><strong>Preisliste 2025:<\/strong><\/p>\n<p><em><span style=\"text-decoration: underline;\">Beweglicher Kopf, Preise exkl. MwSt.<\/span><\/em><\/p>\n<p>G 045 R10007 \u20ac3670,-<br \/>\nG 055 R10007 \u20ac5114,-<br \/>\nG 065 R10001 \u20ac6490,-<br \/>\nG 075 R10001 \u20ac7340,-<br \/>\nG 085 R10001 \u20ac8251,-<br \/>\nG 095 R10001 \u20ac9833,-<br \/>\nG 110 R10001 \u20ac11470,-<br \/>\nG 130 R10001 \u20ac14020,-<br \/>\nG 145 R10061 \u20ac18610,-<br \/>\nG 180 R10061 \u20ac23050,-<\/p>\n","protected":false},"excerpt":{"rendered":"<p>Tracto-Technik GmbH ist der gr\u00f6\u00dfte und \u00e4lteste Lieferant von Bodenraketen. Ingenieur Paul Schmidt gr\u00fcndete das Unternehmen bereits 1962 in Lennestadt, Deutschland. Das Unternehmen versucht, so viele Prozesse wie m\u00f6glich intern durchzuf\u00fchren, um die Qualit\u00e4t und Lieferzuverl\u00e4ssigkeit hoch zu halten. Der bewegliche Kopf und der verchromter K\u00f6rper machen diese Raketen ideal f\u00fcr den Einsatz in extrem [&hellip;]<\/p>\n","protected":false},"featured_media":4035,"template":"","meta":{"_acf_changed":false,"_seopress_robots_primary_cat":"none","_seopress_titles_title":"Grundomat Raketen online bestellen?","_seopress_titles_desc":"Tracto-Technik GmbH ist der gr\u00f6\u00dfte und \u00e4lteste Lieferant von Bodenraketen. Ingenieur Paul Schmidt gr\u00fcndete das Unternehmen bereits 1962 in Lennestadt, Deutschland. \nDas Unternehmen versucht, so viele Prozesse wie m\u00f6glich intern durchzuf\u00fchren, um die Qualit\u00e4t und Lieferzuverl\u00e4ssigkeit hoch zu halten. \nDer bewegliche Kopf und der verchromter K\u00f6rper machen diese Raketen ideal f\u00fcr den Einsatz in extrem hartem Boden, wie er oft in Deutschland vorkommt.","_seopress_robots_index":""},"product_brand":[62],"product_cat":[97],"product_tag":[],"class_list":{"0":"post-4338","1":"product","2":"type-product","3":"status-publish","4":"has-post-thumbnail","6":"product_brand-grundomat","7":"product_cat-bodenraketen","8":"product_shipping_class-15x15x110cm-15kg-de","10":"first","11":"instock","12":"taxable","13":"shipping-taxable","14":"purchasable","15":"product-type-simple"},"acf":[],"_links":{"self":[{"href":"https:\/\/inditec.nl\/de\/wp-json\/wp\/v2\/product\/4338","targetHints":{"allow":["GET"]}}],"collection":[{"href":"https:\/\/inditec.nl\/de\/wp-json\/wp\/v2\/product"}],"about":[{"href":"https:\/\/inditec.nl\/de\/wp-json\/wp\/v2\/types\/product"}],"wp:featuredmedia":[{"embeddable":true,"href":"https:\/\/inditec.nl\/de\/wp-json\/wp\/v2\/media\/4035"}],"wp:attachment":[{"href":"https:\/\/inditec.nl\/de\/wp-json\/wp\/v2\/media?parent=4338"}],"wp:term":[{"taxonomy":"product_brand","embeddable":true,"href":"https:\/\/inditec.nl\/de\/wp-json\/wp\/v2\/product_brand?post=4338"},{"taxonomy":"product_cat","embeddable":true,"href":"https:\/\/inditec.nl\/de\/wp-json\/wp\/v2\/product_cat?post=4338"},{"taxonomy":"product_tag","embeddable":true,"href":"https:\/\/inditec.nl\/de\/wp-json\/wp\/v2\/product_tag?post=4338"}],"curies":[{"name":"wp","href":"https:\/\/api.w.org\/{rel}","templated":true}]}}