{"id":4326,"date":"2025-03-24T11:47:56","date_gmt":"2025-03-24T11:47:56","guid":{"rendered":"https:\/\/inditec.nl\/product\/luftschlauch-%c2%be-schwarz-heavy-duty-20-meter-inklusive-klauenkupplungen\/"},"modified":"2025-07-18T10:20:06","modified_gmt":"2025-07-18T10:20:06","slug":"luftschlauch-%c2%be-schwarz-heavy-duty-20-meter-inklusive-klauenkupplungen","status":"publish","type":"product","link":"https:\/\/inditec.nl\/de\/produkte\/luftschlauch-%c2%be-schwarz-heavy-duty-20-meter-inklusive-klauenkupplungen\/","title":{"rendered":"Luftschlauch \u00be Schwarz Heavy Duty 20 Meter inklusive Klauenkupplungen"},"content":{"rendered":"<p>Dieser Luftschlauch ist \u00e4u\u00dferst robust, hitzebest\u00e4ndig, knickbest\u00e4ndig und beh\u00e4lt sehr lange seine Flexibilit\u00e4t. <\/p>\n<p>Die Klauenkupplungen sind fest gepresst, wodurch ein Herausschie\u00dfen vermieden wird. <\/p>\n<p>Standardrollenl\u00e4nge 20 Meter. Gewicht pro Rolle ca. 14 kg.<\/p>\n","protected":false},"excerpt":{"rendered":"<p>Dieser Luftschlauch ist \u00e4u\u00dferst robust, hitzebest\u00e4ndig, knickbest\u00e4ndig und beh\u00e4lt sehr lange seine Flexibilit\u00e4t. Die Klauenkupplungen sind fest gepresst, wodurch ein Herausschie\u00dfen vermieden wird. Standardrollenl\u00e4nge 20 Meter. Gewicht pro Rolle ca. 14 kg.<\/p>\n","protected":false},"featured_media":4072,"template":"","meta":{"_acf_changed":false,"_seopress_robots_primary_cat":"","_seopress_titles_title":"","_seopress_titles_desc":"","_seopress_robots_index":""},"product_brand":[51],"product_cat":[124,99],"product_tag":[],"class_list":{"0":"post-4326","1":"product","2":"type-product","3":"status-publish","4":"has-post-thumbnail","6":"product_brand-inditec","7":"product_cat-luftschlauche","8":"product_cat-luftwerkzeug","9":"product_shipping_class-15x15x110cm-15kg-de","11":"first","12":"instock","13":"taxable","14":"shipping-taxable","15":"purchasable","16":"product-type-simple"},"acf":[],"_links":{"self":[{"href":"https:\/\/inditec.nl\/de\/wp-json\/wp\/v2\/product\/4326","targetHints":{"allow":["GET"]}}],"collection":[{"href":"https:\/\/inditec.nl\/de\/wp-json\/wp\/v2\/product"}],"about":[{"href":"https:\/\/inditec.nl\/de\/wp-json\/wp\/v2\/types\/product"}],"wp:featuredmedia":[{"embeddable":true,"href":"https:\/\/inditec.nl\/de\/wp-json\/wp\/v2\/media\/4072"}],"wp:attachment":[{"href":"https:\/\/inditec.nl\/de\/wp-json\/wp\/v2\/media?parent=4326"}],"wp:term":[{"taxonomy":"product_brand","embeddable":true,"href":"https:\/\/inditec.nl\/de\/wp-json\/wp\/v2\/product_brand?post=4326"},{"taxonomy":"product_cat","embeddable":true,"href":"https:\/\/inditec.nl\/de\/wp-json\/wp\/v2\/product_cat?post=4326"},{"taxonomy":"product_tag","embeddable":true,"href":"https:\/\/inditec.nl\/de\/wp-json\/wp\/v2\/product_tag?post=4326"}],"curies":[{"name":"wp","href":"https:\/\/api.w.org\/{rel}","templated":true}]}}