{"id":4325,"date":"2025-03-24T11:42:17","date_gmt":"2025-03-24T11:42:17","guid":{"rendered":"https:\/\/inditec.nl\/product\/ultralight-luftschlauch-20-meter-inklusive-klauenkupplungen\/"},"modified":"2025-07-18T10:20:07","modified_gmt":"2025-07-18T10:20:07","slug":"ultralight-luftschlauch-20-meter-inklusive-klauenkupplungen","status":"publish","type":"product","link":"https:\/\/inditec.nl\/de\/produkte\/ultralight-luftschlauch-20-meter-inklusive-klauenkupplungen\/","title":{"rendered":"Ultralight Luftschlauch 20 Meter inklusive Klauenkupplungen"},"content":{"rendered":"<p>Dieser leichte Luftschlauch wiegt ca. 3 kg bei einer Standardrollenl\u00e4nge von 20 Metern (ca. ein Viertel des Gewichts eines normalen Schlauchs). Dieser Schlauch ist hochwertig und Komplett mit Standard-Klauenkupplungen ausgestattet.<\/p>\n<p>Diese Schl\u00e4uche werden h\u00e4ufig von Landschaftsg\u00e4rtnern verwendet, die lange Schlauchstrecken transportieren m\u00fcssen, z. B. beim Einschlagen von Pf\u00e4hlen mit einem Pfahlrammer. Bei einem normalen schwarzen Luftschlauch sind meer als 40 Meter kaum noch von Hand zu transportieren. <\/p>\n<p>&nbsp;<\/p>\n<p>&nbsp;<\/p>\n","protected":false},"excerpt":{"rendered":"<p>Dieser leichte Luftschlauch wiegt ca. 3 kg bei einer Standardrollenl\u00e4nge von 20 Metern (ca. ein Viertel des Gewichts eines normalen Schlauchs). Dieser Schlauch ist hochwertig und Komplett mit Standard-Klauenkupplungen ausgestattet. Diese Schl\u00e4uche werden h\u00e4ufig von Landschaftsg\u00e4rtnern verwendet, die lange Schlauchstrecken transportieren m\u00fcssen, z. B. beim Einschlagen von Pf\u00e4hlen mit einem Pfahlrammer. Bei einem normalen schwarzen [&hellip;]<\/p>\n","protected":false},"featured_media":4068,"template":"","meta":{"_acf_changed":false,"_seopress_robots_primary_cat":"","_seopress_titles_title":"","_seopress_titles_desc":"","_seopress_robots_index":""},"product_brand":[51],"product_cat":[124,99,101],"product_tag":[],"class_list":{"0":"post-4325","1":"product","2":"type-product","3":"status-publish","4":"has-post-thumbnail","6":"product_brand-inditec","7":"product_cat-luftschlauche","8":"product_cat-luftwerkzeug","9":"product_cat-schlaeuche-und-oeltoepfe","10":"product_shipping_class-15x15x110cm-15kg-de","12":"first","13":"instock","14":"featured","15":"taxable","16":"shipping-taxable","17":"purchasable","18":"product-type-simple"},"acf":[],"_links":{"self":[{"href":"https:\/\/inditec.nl\/de\/wp-json\/wp\/v2\/product\/4325","targetHints":{"allow":["GET"]}}],"collection":[{"href":"https:\/\/inditec.nl\/de\/wp-json\/wp\/v2\/product"}],"about":[{"href":"https:\/\/inditec.nl\/de\/wp-json\/wp\/v2\/types\/product"}],"wp:featuredmedia":[{"embeddable":true,"href":"https:\/\/inditec.nl\/de\/wp-json\/wp\/v2\/media\/4068"}],"wp:attachment":[{"href":"https:\/\/inditec.nl\/de\/wp-json\/wp\/v2\/media?parent=4325"}],"wp:term":[{"taxonomy":"product_brand","embeddable":true,"href":"https:\/\/inditec.nl\/de\/wp-json\/wp\/v2\/product_brand?post=4325"},{"taxonomy":"product_cat","embeddable":true,"href":"https:\/\/inditec.nl\/de\/wp-json\/wp\/v2\/product_cat?post=4325"},{"taxonomy":"product_tag","embeddable":true,"href":"https:\/\/inditec.nl\/de\/wp-json\/wp\/v2\/product_tag?post=4325"}],"curies":[{"name":"wp","href":"https:\/\/api.w.org\/{rel}","templated":true}]}}