{"id":4324,"date":"2025-03-24T11:35:58","date_gmt":"2025-03-24T11:35:58","guid":{"rendered":"https:\/\/inditec.nl\/product\/%c2%bd-hydraulikschlauch-fur-bodenraketen-45-54-und-65-mm\/"},"modified":"2025-07-18T10:20:07","modified_gmt":"2025-07-18T10:20:07","slug":"%c2%bd-hydraulikschlauch-fur-bodenraketen-45-54-und-65-mm","status":"publish","type":"product","link":"https:\/\/inditec.nl\/de\/produkte\/%c2%bd-hydraulikschlauch-fur-bodenraketen-45-54-und-65-mm\/","title":{"rendered":"\u00bd Hydraulikschlauch f\u00fcr Bodenraketen 45, 54 und 65 mm"},"content":{"rendered":"<p>15 Meter Raketenschlauch Komplett mit Kupplungen.<br \/>\nEine Seite hat eine Klauenkupplung, de andere Seite eine Schraubkupplung 15 L.<br \/>\nWenn Sie eine Schnellkupplung f\u00fcr den Raketenschlauch w\u00fcnschen, k\u00f6nnen Sie diese telefonisch bestellen. <\/p>\n<p>Hochwertiger Schlauch mit einem maximalen Betriebsdruck von 160 bar.<\/p>\n","protected":false},"excerpt":{"rendered":"<p>15 Meter Raketenschlauch Komplett mit Kupplungen. Eine Seite hat eine Klauenkupplung, de andere Seite eine Schraubkupplung 15 L. Wenn Sie eine Schnellkupplung f\u00fcr den Raketenschlauch w\u00fcnschen, k\u00f6nnen Sie diese telefonisch bestellen. Hochwertiger Schlauch mit einem maximalen Betriebsdruck von 160 bar.<\/p>\n","protected":false},"featured_media":4063,"template":"","meta":{"_acf_changed":false,"_seopress_robots_primary_cat":"none","_seopress_titles_title":"","_seopress_titles_desc":"","_seopress_robots_index":""},"product_brand":[51],"product_cat":[101],"product_tag":[],"class_list":{"0":"post-4324","1":"product","2":"type-product","3":"status-publish","4":"has-post-thumbnail","6":"product_brand-inditec","7":"product_cat-schlaeuche-und-oeltoepfe","8":"product_shipping_class-15x15x110cm-15kg-de","10":"first","11":"outofstock","12":"taxable","13":"shipping-taxable","14":"purchasable","15":"product-type-simple"},"acf":[],"_links":{"self":[{"href":"https:\/\/inditec.nl\/de\/wp-json\/wp\/v2\/product\/4324","targetHints":{"allow":["GET"]}}],"collection":[{"href":"https:\/\/inditec.nl\/de\/wp-json\/wp\/v2\/product"}],"about":[{"href":"https:\/\/inditec.nl\/de\/wp-json\/wp\/v2\/types\/product"}],"wp:featuredmedia":[{"embeddable":true,"href":"https:\/\/inditec.nl\/de\/wp-json\/wp\/v2\/media\/4063"}],"wp:attachment":[{"href":"https:\/\/inditec.nl\/de\/wp-json\/wp\/v2\/media?parent=4324"}],"wp:term":[{"taxonomy":"product_brand","embeddable":true,"href":"https:\/\/inditec.nl\/de\/wp-json\/wp\/v2\/product_brand?post=4324"},{"taxonomy":"product_cat","embeddable":true,"href":"https:\/\/inditec.nl\/de\/wp-json\/wp\/v2\/product_cat?post=4324"},{"taxonomy":"product_tag","embeddable":true,"href":"https:\/\/inditec.nl\/de\/wp-json\/wp\/v2\/product_tag?post=4324"}],"curies":[{"name":"wp","href":"https:\/\/api.w.org\/{rel}","templated":true}]}}