{"id":4323,"date":"2025-03-24T11:28:17","date_gmt":"2025-03-24T11:28:17","guid":{"rendered":"https:\/\/inditec.nl\/product\/icelube-luftwerkzeugschmierol-57-c-frostschutz-10-liter-kanister\/"},"modified":"2025-07-18T10:20:07","modified_gmt":"2025-07-18T10:20:07","slug":"icelube-luftwerkzeugschmierol-57-c-frostschutz-10-liter-kanister","status":"publish","type":"product","link":"https:\/\/inditec.nl\/de\/produkte\/icelube-luftwerkzeugschmierol-57-c-frostschutz-10-liter-kanister\/","title":{"rendered":"Icelube Luftwerkzeugschmier\u00f6l -57 \u00b0C Frostschutz 10-Liter-Kanister"},"content":{"rendered":"<p>Unser Icelube\u00ae Frostschutz\u00f6l wurde speziell entwickelt, um den st\u00f6rungsfreien Betrieb von Abbruchh\u00e4mmern, Bodenraketen, Pfahlrammern und Fugenhammern zu gew\u00e4hrleisten. <\/p>\n<p>Biologisch abbaubar und nicht \u00e4tzend auf Kunststoff- und Gummioberfl\u00e4chen. Wasserl\u00f6slich und verhindert, wie der Name schon sagt, die Eisbildung in Ihrem Werkzeug, auch wenn Sie ohne Nachk\u00fchler arbeiten.<\/p>\n<p>Frostschutz bis -57 \u00b0C, Kanisterinhalt 10 Liter.<\/p>\n<p>&nbsp;<\/p>\n","protected":false},"excerpt":{"rendered":"<p>Unser Icelube\u00ae Frostschutz\u00f6l wurde speziell entwickelt, um den st\u00f6rungsfreien Betrieb von Abbruchh\u00e4mmern, Bodenraketen, Pfahlrammern und Fugenhammern zu gew\u00e4hrleisten. Biologisch abbaubar und nicht \u00e4tzend auf Kunststoff- und Gummioberfl\u00e4chen. Wasserl\u00f6slich und verhindert, wie der Name schon sagt, die Eisbildung in Ihrem Werkzeug, auch wenn Sie ohne Nachk\u00fchler arbeiten. Frostschutz bis -57 \u00b0C, Kanisterinhalt 10 Liter. &nbsp;<\/p>\n","protected":false},"featured_media":4058,"template":"","meta":{"_acf_changed":false,"_seopress_robots_primary_cat":"","_seopress_titles_title":"Icelube Luftwerkzeugschmier\u00f6l -57 \u00b0C Frostschutz 10-Liter-Kanister","_seopress_titles_desc":"Unser Icelube\u00ae Frostschutz\u00f6l wurde speziell entwickelt, um den st\u00f6rungsfreien Betrieb von Abbruchh\u00e4mmern, Bodenraketen, Pfahlrammern und Fugenhammern zu gew\u00e4hrleisten. \n\nBiologisch abbaubar und nicht \u00e4tzend auf Kunststoff- und Gummioberfl\u00e4chen. \n\nWasserl\u00f6slich und verhindert, wie der Name schon sagt, die Eisbildung in Ihrem Werkzeug, auch wenn Sie ohne Nachk\u00fchler arbeiten. Frostschutz bis -57 \u00b0C, Kanisterinhalt 10 Liter.","_seopress_robots_index":""},"product_brand":[51],"product_cat":[104,99],"product_tag":[],"class_list":{"0":"post-4323","1":"product","2":"type-product","3":"status-publish","4":"has-post-thumbnail","6":"product_brand-inditec","7":"product_cat-fluessigkeiten","8":"product_cat-luftwerkzeug","9":"product_shipping_class-15x15x110cm-15kg-de","11":"first","12":"instock","13":"taxable","14":"shipping-taxable","15":"purchasable","16":"product-type-simple"},"acf":[],"_links":{"self":[{"href":"https:\/\/inditec.nl\/de\/wp-json\/wp\/v2\/product\/4323","targetHints":{"allow":["GET"]}}],"collection":[{"href":"https:\/\/inditec.nl\/de\/wp-json\/wp\/v2\/product"}],"about":[{"href":"https:\/\/inditec.nl\/de\/wp-json\/wp\/v2\/types\/product"}],"wp:featuredmedia":[{"embeddable":true,"href":"https:\/\/inditec.nl\/de\/wp-json\/wp\/v2\/media\/4058"}],"wp:attachment":[{"href":"https:\/\/inditec.nl\/de\/wp-json\/wp\/v2\/media?parent=4323"}],"wp:term":[{"taxonomy":"product_brand","embeddable":true,"href":"https:\/\/inditec.nl\/de\/wp-json\/wp\/v2\/product_brand?post=4323"},{"taxonomy":"product_cat","embeddable":true,"href":"https:\/\/inditec.nl\/de\/wp-json\/wp\/v2\/product_cat?post=4323"},{"taxonomy":"product_tag","embeddable":true,"href":"https:\/\/inditec.nl\/de\/wp-json\/wp\/v2\/product_tag?post=4323"}],"curies":[{"name":"wp","href":"https:\/\/api.w.org\/{rel}","templated":true}]}}