{"id":4319,"date":"2025-03-24T09:58:48","date_gmt":"2025-03-24T09:58:48","guid":{"rendered":"https:\/\/inditec.nl\/product\/grundomat-55-mm-bodenrakete-mit-beweglichem-stufenkopf\/"},"modified":"2025-07-18T10:20:08","modified_gmt":"2025-07-18T10:20:08","slug":"grundomat-55-mm-bodenrakete-mit-beweglichem-stufenkopf","status":"publish","type":"product","link":"https:\/\/inditec.nl\/de\/produkte\/grundomat-55-mm-bodenrakete-mit-beweglichem-stufenkopf\/","title":{"rendered":"Grundomat 55 mm Bodenrakete mit beweglichem Stufenkopf"},"content":{"rendered":"<p>Tracto-Technik GmbH ist der gr\u00f6\u00dfte und \u00e4lteste Lieferant von Bodenraketen. Ingenieur Paul Schmidt gr\u00fcndete das Unternehmen bereits 1962 in Lennestadt, Deutschland. Das Unternehmen f\u00fchrt so viele Prozesse wie m\u00f6glich intern durch, um Qualit\u00e4t und Lieferzuverl\u00e4ssigkeit hoch zu halten.<br \/>\nDer bewegliche Stufenkopf und der hartverchromte K\u00f6rper machen diese Raketen ideal f\u00fcr extrem harten Boden, wie er oft in Deutschland vorkommt.<br \/>\nZudem sind diese Bodenraketen pr\u00e4ziser als Raketen mit festem Kopf, wodurch \u00fcber l\u00e4ngere Distanzen gebohrt werden kann.<\/p>\n<p>Inditec Kompressoren liefert diese Bodenraketen von 45 bis 180 mm. Auch f\u00fcr Service und Garantie stehen wir Ihnen zur Verf\u00fcgung.<br \/>\nM\u00f6chten Sie von der <strong>Inruilaktion<\/strong> profitieren? Dabei wird ein Rabatt von 10 % auf eine neue Grundomat Bodenrakete gew\u00e4hrt, wenn <strong>eine alte Rakete<\/strong> mit gleichem Durchmesser eingetauscht wird. Sehen Sie hier den Katalog: <a href=\"https:\/\/inditec.nl\/wp-content\/uploads\/TRACTO_GRUNDOMAT_ACCESSORIES_EN-1.pdf\">TRACTO_GRUNDOMAT_ACCESSORIES_EN (1) <\/a><\/p>\n<p><strong>Preisliste 2025:<\/strong><\/p>\n<p><em><span style=\"text-decoration: underline;\">Beweglicher Stufenkopf, Preise exkl. MwSt.<\/span><\/em><\/p>\n<p>G 045 R10007 \u20ac 3670,-<br \/>\nG 055 R10007 \u20ac 5114,-<br \/>\nG 065 R10001 \u20ac 6490,-<br \/>\nG 075 R10001 \u20ac 7340,-<br \/>\nG 085 R10001 \u20ac 8251,-<br \/>\nG 095 R10001 \u20ac 9833,-<br \/>\nG 110 R10001 \u20ac 11 470,-<br \/>\nG 130 R10001 \u20ac 14 020,-<br \/>\nG 145 R10061 \u20ac 18 610,-<br \/>\nG 180 R10061 \u20ac 23 050,-<\/p>\n","protected":false},"excerpt":{"rendered":"<p>Tracto-Technik GmbH ist der gr\u00f6\u00dfte und \u00e4lteste Lieferant von Bodenraketen. Ingenieur Paul Schmidt gr\u00fcndete das Unternehmen bereits 1962 in Lennestadt, Deutschland. Das Unternehmen f\u00fchrt so viele Prozesse wie m\u00f6glich intern durch, um Qualit\u00e4t und Lieferzuverl\u00e4ssigkeit hoch zu halten. Der bewegliche Stufenkopf und der hartverchromte K\u00f6rper machen diese Raketen ideal f\u00fcr extrem harten Boden, wie er [&hellip;]<\/p>\n","protected":false},"featured_media":4035,"template":"","meta":{"_acf_changed":false,"_seopress_robots_primary_cat":"","_seopress_titles_title":"Grundomat 55 mm Bodenrakete online bestellen?","_seopress_titles_desc":"Tracto-Technik GmbH ist der gr\u00f6\u00dfte und \u00e4lteste Lieferant von Bodenraketen. Ingenieur Paul Schmidt gr\u00fcndete das Unternehmen bereits 1962 in Lennestadt, Deutschland. Das Unternehmen f\u00fchrt so viele Prozesse wie m\u00f6glich intern durch, um Qualit\u00e4t und Lieferzuverl\u00e4ssigkeit hoch zu halten. \nDer bewegliche Stufenkopf und der hartverchromte K\u00f6rper machen diese Raketen ideal f\u00fcr extrem harten Boden, wie er oft in Deutschland vorkommt. \nZudem sind diese Bodenraketen pr\u00e4ziser als Raketen mit festem Kopf, wodurch \u00fcber l\u00e4ngere Distanzen gebohrt werden kann.","_seopress_robots_index":""},"product_brand":[62],"product_cat":[97],"product_tag":[],"class_list":{"0":"post-4319","1":"product","2":"type-product","3":"status-publish","4":"has-post-thumbnail","6":"product_brand-grundomat","7":"product_cat-bodenraketen","8":"product_shipping_class-15x15x110cm-15kg-de","10":"first","11":"instock","12":"taxable","13":"shipping-taxable","14":"purchasable","15":"product-type-simple"},"acf":[],"_links":{"self":[{"href":"https:\/\/inditec.nl\/de\/wp-json\/wp\/v2\/product\/4319","targetHints":{"allow":["GET"]}}],"collection":[{"href":"https:\/\/inditec.nl\/de\/wp-json\/wp\/v2\/product"}],"about":[{"href":"https:\/\/inditec.nl\/de\/wp-json\/wp\/v2\/types\/product"}],"wp:featuredmedia":[{"embeddable":true,"href":"https:\/\/inditec.nl\/de\/wp-json\/wp\/v2\/media\/4035"}],"wp:attachment":[{"href":"https:\/\/inditec.nl\/de\/wp-json\/wp\/v2\/media?parent=4319"}],"wp:term":[{"taxonomy":"product_brand","embeddable":true,"href":"https:\/\/inditec.nl\/de\/wp-json\/wp\/v2\/product_brand?post=4319"},{"taxonomy":"product_cat","embeddable":true,"href":"https:\/\/inditec.nl\/de\/wp-json\/wp\/v2\/product_cat?post=4319"},{"taxonomy":"product_tag","embeddable":true,"href":"https:\/\/inditec.nl\/de\/wp-json\/wp\/v2\/product_tag?post=4319"}],"curies":[{"name":"wp","href":"https:\/\/api.w.org\/{rel}","templated":true}]}}