{"id":4317,"date":"2025-02-11T10:39:09","date_gmt":"2025-02-11T10:39:09","guid":{"rendered":"https:\/\/inditec.nl\/product\/oltopf-13-l-fijalo\/"},"modified":"2025-07-18T10:16:30","modified_gmt":"2025-07-18T10:16:30","slug":"oltopf-13-l-fijalo","status":"publish","type":"product","link":"https:\/\/inditec.nl\/de\/produkte\/oltopf-13-l-fijalo\/","title":{"rendered":"\u00d6ltopf 1,3 l Fijalo"},"content":{"rendered":"<p>Druckluftwerkzeuge m\u00fcssen oft geschmiert werden. Dies geschieht mit einem daf\u00fcr bestimmten \u00d6lvernebler. Dieses Ger\u00e4t sorgt daf\u00fcr, dass eine pr\u00e4zise Menge \u00d6l der Druckluft f\u00fcr beispielsweise Ihre Erdrakete hinzugef\u00fcgt wird. Durch die Verwendung von <a href=\"https:\/\/inditec.nl\/de\/producten\/icelube-pneumatische-smeerolie\/\">Frostschutz\u00f6l<\/a> (siehe Webshop) k\u00f6nnen Sie das Einfrieren Ihres Druckluftwerkzeugs im Winter verhindern.<\/p>\n<p>Das Einstellen der gew\u00fcnschten \u00d6lmenge erfolgt durch Entfernen der Schutzmutter oben auf dem \u00d6ltopf. Dort finden Sie die Stellschraube. Der Schraubendreher zum Einstellen dieser Stellschraube ist am Einf\u00fclldeckel befestigt und somit immer griffbereit.<\/p>\n","protected":false},"excerpt":{"rendered":"<p>Druckluftwerkzeuge m\u00fcssen oft geschmiert werden. Dies geschieht mit einem daf\u00fcr bestimmten \u00d6lvernebler. Dieses Ger\u00e4t sorgt daf\u00fcr, dass eine pr\u00e4zise Menge \u00d6l der Druckluft f\u00fcr beispielsweise Ihre Erdrakete hinzugef\u00fcgt wird. Durch die Verwendung von Frostschutz\u00f6l (siehe Webshop) k\u00f6nnen Sie das Einfrieren Ihres Druckluftwerkzeugs im Winter verhindern. Das Einstellen der gew\u00fcnschten \u00d6lmenge erfolgt durch Entfernen der Schutzmutter [&hellip;]<\/p>\n","protected":false},"featured_media":5210,"template":"","meta":{"_acf_changed":false,"_seopress_robots_primary_cat":"none","_seopress_titles_title":"","_seopress_titles_desc":"","_seopress_robots_index":""},"product_brand":[63],"product_cat":[99,125,101],"product_tag":[],"class_list":{"0":"post-4317","1":"product","2":"type-product","3":"status-publish","4":"has-post-thumbnail","6":"product_brand-fijalo-poland","7":"product_cat-luftwerkzeug","8":"product_cat-olzerstauber","9":"product_cat-schlaeuche-und-oeltoepfe","10":"product_shipping_class-20x20x15cm-3kg-de","12":"first","13":"instock","14":"taxable","15":"shipping-taxable","16":"purchasable","17":"product-type-simple"},"acf":[],"_links":{"self":[{"href":"https:\/\/inditec.nl\/de\/wp-json\/wp\/v2\/product\/4317","targetHints":{"allow":["GET"]}}],"collection":[{"href":"https:\/\/inditec.nl\/de\/wp-json\/wp\/v2\/product"}],"about":[{"href":"https:\/\/inditec.nl\/de\/wp-json\/wp\/v2\/types\/product"}],"wp:featuredmedia":[{"embeddable":true,"href":"https:\/\/inditec.nl\/de\/wp-json\/wp\/v2\/media\/5210"}],"wp:attachment":[{"href":"https:\/\/inditec.nl\/de\/wp-json\/wp\/v2\/media?parent=4317"}],"wp:term":[{"taxonomy":"product_brand","embeddable":true,"href":"https:\/\/inditec.nl\/de\/wp-json\/wp\/v2\/product_brand?post=4317"},{"taxonomy":"product_cat","embeddable":true,"href":"https:\/\/inditec.nl\/de\/wp-json\/wp\/v2\/product_cat?post=4317"},{"taxonomy":"product_tag","embeddable":true,"href":"https:\/\/inditec.nl\/de\/wp-json\/wp\/v2\/product_tag?post=4317"}],"curies":[{"name":"wp","href":"https:\/\/api.w.org\/{rel}","templated":true}]}}