{"id":4315,"date":"2025-02-11T10:39:07","date_gmt":"2025-02-11T10:39:07","guid":{"rendered":"https:\/\/inditec.nl\/product\/drucklufthammer-20-kg\/"},"modified":"2025-07-18T10:11:19","modified_gmt":"2025-07-18T10:11:19","slug":"drucklufthammer-20-kg","status":"publish","type":"product","link":"https:\/\/inditec.nl\/de\/produkte\/drucklufthammer-20-kg\/","title":{"rendered":"Drucklufthammer 20 kg"},"content":{"rendered":"<p>Ein T-Hammer, auch Drucklufthammer genannt, ist ideal f\u00fcr den Abbruch von Asphalt oder Betonb\u00f6den. <\/p>\n<p>Der abgebildete Mei\u00dfel wird kostenlos mitgeliefert.<\/p>\n<p>Spezifikationen:<\/p>\n<p>&#8211; Gewicht: 20 kg<\/p>\n<p>&#8211; Schl\u00e4ge pro Minute: 1400<\/p>\n<p>&#8211; Luftverbrauch: 1590 l\/min<\/p>\n<p>&#8211; Betriebsdruck: 7 bar<\/p>\n<p>&#8211; Mei\u00dfelaufnahme: 25 x 108 mm Sechskant<\/p>\n","protected":false},"excerpt":{"rendered":"<p>Ein T-Hammer, auch Drucklufthammer genannt, ist ideal f\u00fcr den Abbruch von Asphalt oder Betonb\u00f6den. Der abgebildete Mei\u00dfel wird kostenlos mitgeliefert. Spezifikationen: &#8211; Gewicht: 20 kg &#8211; Schl\u00e4ge pro Minute: 1400 &#8211; Luftverbrauch: 1590 l\/min &#8211; Betriebsdruck: 7 bar &#8211; Mei\u00dfelaufnahme: 25 x 108 mm Sechskant<\/p>\n","protected":false},"featured_media":3657,"template":"","meta":{"_acf_changed":false,"_seopress_robots_primary_cat":"none","_seopress_titles_title":"Drucklufthammer 21 kg, neu, f\u00fcr den Abbruch von Betonb\u00f6den oder Asphalt","_seopress_titles_desc":"Neu auf Lager Farbe Rot Flachmei\u00dfel ist im Preis inbegriffen. \nAuch Luftschl\u00e4uche und Kompressoren bei Inditec lieferbar","_seopress_robots_index":""},"product_brand":[51],"product_cat":[99],"product_tag":[],"class_list":{"0":"post-4315","1":"product","2":"type-product","3":"status-publish","4":"has-post-thumbnail","6":"product_brand-inditec","7":"product_cat-luftwerkzeug","8":"product_shipping_class-mini-pallet-60x80x50cm-100kg-de","10":"first","11":"instock","12":"taxable","13":"shipping-taxable","14":"purchasable","15":"product-type-simple"},"acf":[],"_links":{"self":[{"href":"https:\/\/inditec.nl\/de\/wp-json\/wp\/v2\/product\/4315","targetHints":{"allow":["GET"]}}],"collection":[{"href":"https:\/\/inditec.nl\/de\/wp-json\/wp\/v2\/product"}],"about":[{"href":"https:\/\/inditec.nl\/de\/wp-json\/wp\/v2\/types\/product"}],"wp:featuredmedia":[{"embeddable":true,"href":"https:\/\/inditec.nl\/de\/wp-json\/wp\/v2\/media\/3657"}],"wp:attachment":[{"href":"https:\/\/inditec.nl\/de\/wp-json\/wp\/v2\/media?parent=4315"}],"wp:term":[{"taxonomy":"product_brand","embeddable":true,"href":"https:\/\/inditec.nl\/de\/wp-json\/wp\/v2\/product_brand?post=4315"},{"taxonomy":"product_cat","embeddable":true,"href":"https:\/\/inditec.nl\/de\/wp-json\/wp\/v2\/product_cat?post=4315"},{"taxonomy":"product_tag","embeddable":true,"href":"https:\/\/inditec.nl\/de\/wp-json\/wp\/v2\/product_tag?post=4315"}],"curies":[{"name":"wp","href":"https:\/\/api.w.org\/{rel}","templated":true}]}}