{"id":4314,"date":"2025-02-11T10:39:07","date_gmt":"2025-02-11T10:39:07","guid":{"rendered":"https:\/\/inditec.nl\/product\/druckregler-reduzierventil-mit-klauenkupplungen\/"},"modified":"2025-07-01T15:07:37","modified_gmt":"2025-07-01T15:07:37","slug":"druckregler-reduzierventil-mit-klauenkupplungen","status":"publish","type":"product","link":"https:\/\/inditec.nl\/de\/produkte\/druckregler-reduzierventil-mit-klauenkupplungen\/","title":{"rendered":"Druckregler \/ Reduzierventil mit Klauenkupplungen"},"content":{"rendered":"<p>Metal-Work Druckregler, 0-12 bar einstellbar Hochwertige Qualit\u00e4t Anschl\u00fcsse mit 2x L\u00fcdecke-Klauenkupplungen Andere Konfigurationen sind m\u00f6glich<\/p>\n","protected":false},"excerpt":{"rendered":"<p>Metal-Work Druckregler, 0-12 bar einstellbar Hochwertige Qualit\u00e4t Anschl\u00fcsse mit 2x L\u00fcdecke-Klauenkupplungen Andere Konfigurationen sind m\u00f6glich<\/p>\n","protected":false},"featured_media":3593,"template":"","meta":{"_acf_changed":false,"_seopress_robots_primary_cat":"none","_seopress_titles_title":"Druckregler \/ Reduzierventil f\u00fcr mobilen Kompressor","_seopress_titles_desc":"Bei Inditec haben wir fast alles, was Sie sich im Bereich Druckluft vorstellen k\u00f6nnen. Dieser Druckregler wird oft zum Ausblasen von Beregnungsanlagen verwendet.","_seopress_robots_index":""},"product_brand":[70],"product_cat":[99],"product_tag":[],"class_list":{"0":"post-4314","1":"product","2":"type-product","3":"status-publish","4":"has-post-thumbnail","6":"product_brand-metalwork","7":"product_cat-luftwerkzeug","9":"first","10":"instock","11":"taxable","12":"shipping-taxable","13":"purchasable","14":"product-type-simple"},"acf":[],"_links":{"self":[{"href":"https:\/\/inditec.nl\/de\/wp-json\/wp\/v2\/product\/4314","targetHints":{"allow":["GET"]}}],"collection":[{"href":"https:\/\/inditec.nl\/de\/wp-json\/wp\/v2\/product"}],"about":[{"href":"https:\/\/inditec.nl\/de\/wp-json\/wp\/v2\/types\/product"}],"wp:featuredmedia":[{"embeddable":true,"href":"https:\/\/inditec.nl\/de\/wp-json\/wp\/v2\/media\/3593"}],"wp:attachment":[{"href":"https:\/\/inditec.nl\/de\/wp-json\/wp\/v2\/media?parent=4314"}],"wp:term":[{"taxonomy":"product_brand","embeddable":true,"href":"https:\/\/inditec.nl\/de\/wp-json\/wp\/v2\/product_brand?post=4314"},{"taxonomy":"product_cat","embeddable":true,"href":"https:\/\/inditec.nl\/de\/wp-json\/wp\/v2\/product_cat?post=4314"},{"taxonomy":"product_tag","embeddable":true,"href":"https:\/\/inditec.nl\/de\/wp-json\/wp\/v2\/product_tag?post=4314"}],"curies":[{"name":"wp","href":"https:\/\/api.w.org\/{rel}","templated":true}]}}