{"id":4313,"date":"2025-02-11T10:38:52","date_gmt":"2025-02-11T10:38:52","guid":{"rendered":"https:\/\/inditec.nl\/product\/aries-26-kg-pfahlrammer\/"},"modified":"2025-07-18T10:11:20","modified_gmt":"2025-07-18T10:11:20","slug":"aries-26-kg-pfahlrammer","status":"publish","type":"product","link":"https:\/\/inditec.nl\/de\/produkte\/aries-26-kg-pfahlrammer\/","title":{"rendered":"Aries 26 kg Pfahlrammer"},"content":{"rendered":"<p>Pfahlrammer 26 kg, hergestellt in Frankreich<\/p>\n<p>Standardm\u00e4\u00dfig ausgestattet mit einer austauschbaren geh\u00e4rteten Zylinderbuchse; auch der Kolben ist aus geh\u00e4rtetem Stahl gefertigt<\/p>\n<p>Wird geliefert inklusive Quetschventil (nicht bei anderen Marken) und Aufsatz mit quadratischem Innenma\u00df von 9&#215;9 cm <\/p>\n<p>Ma\u00dfgefertigte Aufs\u00e4tze wie rund, quadratisch 7&#215;7, 8&#215;8 oder f\u00fcr 5 cm breite Spundwand sind ebenfalls lieferbar<\/p>\n<p><iframe title=\"Aries 26 kg pneumatische palenrammer op lucht verkrijgbaar bij Inditec compressoren\" width=\"500\" height=\"281\" src=\"https:\/\/www.youtube.com\/embed\/f9N4_2lMmVw?feature=oembed\" frameborder=\"0\" allow=\"accelerometer; autoplay; clipboard-write; encrypted-media; gyroscope; picture-in-picture; web-share\" referrerpolicy=\"strict-origin-when-cross-origin\" allowfullscreen><\/iframe><\/p>\n","protected":false},"excerpt":{"rendered":"<p>Pfahlrammer 26 kg, hergestellt in Frankreich Standardm\u00e4\u00dfig ausgestattet mit einer austauschbaren geh\u00e4rteten Zylinderbuchse; auch der Kolben ist aus geh\u00e4rtetem Stahl gefertigt Wird geliefert inklusive Quetschventil (nicht bei anderen Marken) und Aufsatz mit quadratischem Innenma\u00df von 9&#215;9 cm Ma\u00dfgefertigte Aufs\u00e4tze wie rund, quadratisch 7&#215;7, 8&#215;8 oder f\u00fcr 5 cm breite Spundwand sind ebenfalls lieferbar<\/p>\n","protected":false},"featured_media":2803,"template":"","meta":{"_acf_changed":false,"_seopress_robots_primary_cat":"none","_seopress_titles_title":"","_seopress_titles_desc":"","_seopress_robots_index":""},"product_brand":[49],"product_cat":[99,127],"product_tag":[],"class_list":{"0":"post-4313","1":"product","2":"type-product","3":"status-publish","4":"has-post-thumbnail","6":"product_brand-aries","7":"product_cat-luftwerkzeug","8":"product_cat-pfahlramme","9":"product_shipping_class-mini-pallet-60x80x50cm-100kg-de","11":"first","12":"instock","13":"taxable","14":"shipping-taxable","15":"purchasable","16":"product-type-simple"},"acf":[],"_links":{"self":[{"href":"https:\/\/inditec.nl\/de\/wp-json\/wp\/v2\/product\/4313","targetHints":{"allow":["GET"]}}],"collection":[{"href":"https:\/\/inditec.nl\/de\/wp-json\/wp\/v2\/product"}],"about":[{"href":"https:\/\/inditec.nl\/de\/wp-json\/wp\/v2\/types\/product"}],"wp:featuredmedia":[{"embeddable":true,"href":"https:\/\/inditec.nl\/de\/wp-json\/wp\/v2\/media\/2803"}],"wp:attachment":[{"href":"https:\/\/inditec.nl\/de\/wp-json\/wp\/v2\/media?parent=4313"}],"wp:term":[{"taxonomy":"product_brand","embeddable":true,"href":"https:\/\/inditec.nl\/de\/wp-json\/wp\/v2\/product_brand?post=4313"},{"taxonomy":"product_cat","embeddable":true,"href":"https:\/\/inditec.nl\/de\/wp-json\/wp\/v2\/product_cat?post=4313"},{"taxonomy":"product_tag","embeddable":true,"href":"https:\/\/inditec.nl\/de\/wp-json\/wp\/v2\/product_tag?post=4313"}],"curies":[{"name":"wp","href":"https:\/\/api.w.org\/{rel}","templated":true}]}}