{"id":4312,"date":"2025-02-11T10:39:06","date_gmt":"2025-02-11T10:39:06","guid":{"rendered":"https:\/\/inditec.nl\/product\/interram-45-mm-erdrakete\/"},"modified":"2025-07-18T10:22:21","modified_gmt":"2025-07-18T10:22:21","slug":"interram-45-mm-erdrakete","status":"publish","type":"product","link":"https:\/\/inditec.nl\/de\/produkte\/interram-45-mm-erdrakete\/","title":{"rendered":"Interram 45 mm Erdrakete"},"content":{"rendered":"<p>Raketen mit geh\u00e4rtetem Stahlkopf, vorw\u00e4rts und r\u00fcckw\u00e4rts laufend.<\/p>\n<p>R\u00fcckw\u00e4rtslaufen durch eine Vierteldrehung am Schlauch.<\/p>\n<p>Diese Raketen sind bekannt f\u00fcr ihren geringen Luftverbrauch und ihre lange Lebensdauer aufgrund der meist geh\u00e4rteten Teile.<\/p>\n<p>Verwenden Sie diese Raketen immer in Kombination mit einem kleinen 1,3-Liter-<a href=\"https:\/\/inditec.nl\/de\/producten\/smeerolievernevelaar-13l\/\">\u00d6ltopf<\/a>. Oder einem 4-Liter-Lubrostar-<a href=\"https:\/\/inditec.nl\/de\/producten\/lubrostar-4l-olievernevelaar\/\">\u00d6ltopf<\/a>.<\/p>\n<p>Vergessen Sie nicht, Frostschutzmittel <a href=\"https:\/\/inditec.nl\/de\/producten\/icelube-pneumatische-smeerolie\/\">Icelube<\/a> mitzubestellen.<\/p>\n<p>F\u00fcr diese Raketen haben wir alle Teile in unserem Lager in Waddinxveen auf Vorrat.<\/p>\n<p>&nbsp;<\/p>\n","protected":false},"excerpt":{"rendered":"<p>Raketen mit geh\u00e4rtetem Stahlkopf, vorw\u00e4rts und r\u00fcckw\u00e4rts laufend. R\u00fcckw\u00e4rtslaufen durch eine Vierteldrehung am Schlauch. Diese Raketen sind bekannt f\u00fcr ihren geringen Luftverbrauch und ihre lange Lebensdauer aufgrund der meist geh\u00e4rteten Teile. Verwenden Sie diese Raketen immer in Kombination mit einem kleinen 1,3-Liter-\u00d6ltopf. Oder einem 4-Liter-Lubrostar-\u00d6ltopf. Vergessen Sie nicht, Frostschutzmittel Icelube mitzubestellen. F\u00fcr diese Raketen haben [&hellip;]<\/p>\n","protected":false},"featured_media":3731,"template":"","meta":{"_acf_changed":false,"_seopress_robots_primary_cat":"none","_seopress_titles_title":"Interram 45mm Erdrakete f\u00fcr Glasfaser-Hausanschl\u00fcsse","_seopress_titles_desc":"Hochwertige Raketen der Marke Interram, immer auf Lager und schneller Service bei St\u00f6rungen. Schl\u00e4uche, Schnellkupplungen und \u00d6lvernebler finden Sie ebenfalls bei uns in Waddinxveen.","_seopress_robots_index":""},"product_brand":[58],"product_cat":[97],"product_tag":[],"class_list":{"0":"post-4312","1":"product","2":"type-product","3":"status-publish","4":"has-post-thumbnail","6":"product_brand-interram","7":"product_cat-bodenraketen","8":"product_shipping_class-15x15x110cm-15kg-de","10":"first","11":"instock","12":"taxable","13":"shipping-taxable","14":"purchasable","15":"product-type-simple"},"acf":[],"_links":{"self":[{"href":"https:\/\/inditec.nl\/de\/wp-json\/wp\/v2\/product\/4312","targetHints":{"allow":["GET"]}}],"collection":[{"href":"https:\/\/inditec.nl\/de\/wp-json\/wp\/v2\/product"}],"about":[{"href":"https:\/\/inditec.nl\/de\/wp-json\/wp\/v2\/types\/product"}],"wp:featuredmedia":[{"embeddable":true,"href":"https:\/\/inditec.nl\/de\/wp-json\/wp\/v2\/media\/3731"}],"wp:attachment":[{"href":"https:\/\/inditec.nl\/de\/wp-json\/wp\/v2\/media?parent=4312"}],"wp:term":[{"taxonomy":"product_brand","embeddable":true,"href":"https:\/\/inditec.nl\/de\/wp-json\/wp\/v2\/product_brand?post=4312"},{"taxonomy":"product_cat","embeddable":true,"href":"https:\/\/inditec.nl\/de\/wp-json\/wp\/v2\/product_cat?post=4312"},{"taxonomy":"product_tag","embeddable":true,"href":"https:\/\/inditec.nl\/de\/wp-json\/wp\/v2\/product_tag?post=4312"}],"curies":[{"name":"wp","href":"https:\/\/api.w.org\/{rel}","templated":true}]}}