{"id":4311,"date":"2025-02-11T10:39:05","date_gmt":"2025-02-11T10:39:05","guid":{"rendered":"https:\/\/inditec.nl\/product\/rpb-nova-3-strahlhelm\/"},"modified":"2025-07-18T10:17:27","modified_gmt":"2025-07-18T10:17:27","slug":"rpb-nova-3-strahlhelm","status":"publish","type":"product","link":"https:\/\/inditec.nl\/de\/produkte\/rpb-nova-3-strahlhelm\/","title":{"rendered":"RPB Nova 3 Strahlhelm"},"content":{"rendered":"<p>Der RPB Nova 3 Strahlhelm ist leicht, bequem und ger\u00e4uschd\u00e4mpfend.<br \/>\nEr ist der beste und am h\u00e4ufigsten verwendete Strahlhelm, hergestellt in den USA.<\/p>\n","protected":false},"excerpt":{"rendered":"<p>Der RPB Nova 3 Strahlhelm ist leicht, bequem und ger\u00e4uschd\u00e4mpfend. Er ist der beste und am h\u00e4ufigsten verwendete Strahlhelm, hergestellt in den USA.<\/p>\n","protected":false},"featured_media":3389,"template":"","meta":{"_acf_changed":false,"_seopress_robots_primary_cat":"none","_seopress_titles_title":"","_seopress_titles_desc":"","_seopress_robots_index":""},"product_brand":[57],"product_cat":[102],"product_tag":[],"class_list":{"0":"post-4311","1":"product","2":"type-product","3":"status-publish","4":"has-post-thumbnail","6":"product_brand-rpb","7":"product_cat-strahlkessel","8":"product_shipping_class-20x20x15cm-3kg-de","10":"first","11":"onbackorder","12":"taxable","13":"shipping-taxable","14":"purchasable","15":"product-type-simple"},"acf":[],"_links":{"self":[{"href":"https:\/\/inditec.nl\/de\/wp-json\/wp\/v2\/product\/4311","targetHints":{"allow":["GET"]}}],"collection":[{"href":"https:\/\/inditec.nl\/de\/wp-json\/wp\/v2\/product"}],"about":[{"href":"https:\/\/inditec.nl\/de\/wp-json\/wp\/v2\/types\/product"}],"wp:featuredmedia":[{"embeddable":true,"href":"https:\/\/inditec.nl\/de\/wp-json\/wp\/v2\/media\/3389"}],"wp:attachment":[{"href":"https:\/\/inditec.nl\/de\/wp-json\/wp\/v2\/media?parent=4311"}],"wp:term":[{"taxonomy":"product_brand","embeddable":true,"href":"https:\/\/inditec.nl\/de\/wp-json\/wp\/v2\/product_brand?post=4311"},{"taxonomy":"product_cat","embeddable":true,"href":"https:\/\/inditec.nl\/de\/wp-json\/wp\/v2\/product_cat?post=4311"},{"taxonomy":"product_tag","embeddable":true,"href":"https:\/\/inditec.nl\/de\/wp-json\/wp\/v2\/product_tag?post=4311"}],"curies":[{"name":"wp","href":"https:\/\/api.w.org\/{rel}","templated":true}]}}