{"id":4305,"date":"2025-02-11T10:39:02","date_gmt":"2025-02-11T10:39:02","guid":{"rendered":"https:\/\/inditec.nl\/product\/strahlpistole-fur-applied-20-liter-strahlkessel\/"},"modified":"2025-07-18T10:16:30","modified_gmt":"2025-07-18T10:16:30","slug":"strahlpistole-fur-applied-20-liter-strahlkessel","status":"publish","type":"product","link":"https:\/\/inditec.nl\/de\/produkte\/strahlpistole-fur-applied-20-liter-strahlkessel\/","title":{"rendered":"Strahlpistole f\u00fcr Applied 20-Liter-Strahlkessel"},"content":{"rendered":"<p>Inditec Strahlpistole f\u00fcr z. B. Applied Strahlkesseln<\/p>\n<p>Achtung! Die abgebildete Strahlpistole ist mit einem Nassstrahlkopf ausgestattet, dieser wird nicht standard mitgeliefert.<\/p>\n<p>Hochwertig, hergestellt aus anodisiertem Aluminium und Edelstahl, dadurch f\u00fcr alle Arbeitsbedingungen geeignet.<\/p>\n<p>Hier passen die 3\/4-Zoll-Gewinded\u00fcsen, die in den Gr\u00f6\u00dfen 3,2 bis 8 mm bei Inditec erh\u00e4ltlich sind.<\/p>\n<p>Die abgebildete Strahlpistole ist mit einem Nassstrahlkopf zum Wert von \u20ac125,- ausgestattet.<\/p>\n<p><a href=\"https:\/\/www.youtube.com\/shorts\/BlK_d7OBsrs\">Video: Die Inditec-Strahlpistole in Aktion<\/a><\/p>\n","protected":false},"excerpt":{"rendered":"<p>Inditec Strahlpistole f\u00fcr z. B. Applied Strahlkesseln Achtung! Die abgebildete Strahlpistole ist mit einem Nassstrahlkopf ausgestattet, dieser wird nicht standard mitgeliefert. Hochwertig, hergestellt aus anodisiertem Aluminium und Edelstahl, dadurch f\u00fcr alle Arbeitsbedingungen geeignet. Hier passen die 3\/4-Zoll-Gewinded\u00fcsen, die in den Gr\u00f6\u00dfen 3,2 bis 8 mm bei Inditec erh\u00e4ltlich sind. Die abgebildete Strahlpistole ist mit einem [&hellip;]<\/p>\n","protected":false},"featured_media":3960,"template":"","meta":{"_acf_changed":false,"_seopress_robots_primary_cat":"none","_seopress_titles_title":"","_seopress_titles_desc":"","_seopress_robots_index":""},"product_brand":[51],"product_cat":[102],"product_tag":[],"class_list":{"0":"post-4305","1":"product","2":"type-product","3":"status-publish","4":"has-post-thumbnail","6":"product_brand-inditec","7":"product_cat-strahlkessel","8":"product_shipping_class-20x20x15cm-3kg-de","10":"first","11":"instock","12":"taxable","13":"shipping-taxable","14":"purchasable","15":"product-type-simple"},"acf":[],"_links":{"self":[{"href":"https:\/\/inditec.nl\/de\/wp-json\/wp\/v2\/product\/4305","targetHints":{"allow":["GET"]}}],"collection":[{"href":"https:\/\/inditec.nl\/de\/wp-json\/wp\/v2\/product"}],"about":[{"href":"https:\/\/inditec.nl\/de\/wp-json\/wp\/v2\/types\/product"}],"wp:featuredmedia":[{"embeddable":true,"href":"https:\/\/inditec.nl\/de\/wp-json\/wp\/v2\/media\/3960"}],"wp:attachment":[{"href":"https:\/\/inditec.nl\/de\/wp-json\/wp\/v2\/media?parent=4305"}],"wp:term":[{"taxonomy":"product_brand","embeddable":true,"href":"https:\/\/inditec.nl\/de\/wp-json\/wp\/v2\/product_brand?post=4305"},{"taxonomy":"product_cat","embeddable":true,"href":"https:\/\/inditec.nl\/de\/wp-json\/wp\/v2\/product_cat?post=4305"},{"taxonomy":"product_tag","embeddable":true,"href":"https:\/\/inditec.nl\/de\/wp-json\/wp\/v2\/product_tag?post=4305"}],"curies":[{"name":"wp","href":"https:\/\/api.w.org\/{rel}","templated":true}]}}