{"id":4303,"date":"2025-02-11T10:39:01","date_gmt":"2025-02-11T10:39:01","guid":{"rendered":"https:\/\/inditec.nl\/product\/pneuvibe-erdrakete-45-mm-mit-festem-kopf\/"},"modified":"2025-07-18T10:20:08","modified_gmt":"2025-07-18T10:20:08","slug":"pneuvibe-erdrakete-45-mm-mit-festem-kopf","status":"publish","type":"product","link":"https:\/\/inditec.nl\/de\/produkte\/pneuvibe-erdrakete-45-mm-mit-festem-kopf\/","title":{"rendered":"Pneuvibe Erdrakete 45 mm mit festem Kopf"},"content":{"rendered":"<p><a href=\"https:\/\/inditec.nl\/wp-content\/uploads\/Brochure-pneuvibe-klantinformatie.pdf\">Pneuvibe Brosch\u00fcre<\/a><\/p>\n<p>&nbsp;<\/p>\n<p>Die Pneuvibe Erdraketen sind von hoher Qualit\u00e4t und werden in Australien hergestellt.<\/p>\n<p>Lieferbar mit festem oder beweglichem Kopf und in langer oder kurzer Ausf\u00fchrung.<\/p>\n<p>R\u00fcckw\u00e4rtsbewegung durch eine Vierteldrehung.<\/p>\n<p>Ebenfalls liefern wir \u00d6lvernebler und Luftschl\u00e4uche.<\/p>\n<p>Achtung! Die abgebildeten Zubeh\u00f6rteile sind nicht im Lieferumfang enthalten!<\/p>\n<p>&nbsp;<\/p>\n<p>&nbsp;<\/p>\n<p><strong>Preise der g\u00e4ngigsten Modelle:<\/strong><\/p>\n<p>45 mm \u20ac2210,- exkl. MwSt.<\/p>\n<p>54 mm \u20ac2750,- exkl. MwSt.<\/p>\n<p>65 mm \u20ac4050,- exkl. MwSt.<\/p>\n<p>70 mm \u20ac4370,- exkl. MwSt.<\/p>\n<p>76 mm kurz \u20ac5070,- exkl. MwSt.<\/p>\n<p>76 mm lang \u20ac5070,- exkl. MwSt.<\/p>\n<p>15 Meter 1\/2 hydr. Schlauch mit den passenden Kupplungen \u20ac175,- exkl. MwSt.<\/p>\n<p>15 Meter 5\/8 hydr. Schlauch mit den passenden Kupplungen \u20ac225,- exkl. MwSt.<\/p>\n","protected":false},"excerpt":{"rendered":"<p>Pneuvibe Brosch\u00fcre &nbsp; Die Pneuvibe Erdraketen sind von hoher Qualit\u00e4t und werden in Australien hergestellt. Lieferbar mit festem oder beweglichem Kopf und in langer oder kurzer Ausf\u00fchrung. R\u00fcckw\u00e4rtsbewegung durch eine Vierteldrehung. Ebenfalls liefern wir \u00d6lvernebler und Luftschl\u00e4uche. Achtung! Die abgebildeten Zubeh\u00f6rteile sind nicht im Lieferumfang enthalten! &nbsp; &nbsp; Preise der g\u00e4ngigsten Modelle: 45 mm \u20ac2210,- [&hellip;]<\/p>\n","protected":false},"featured_media":4047,"template":"","meta":{"_acf_changed":false,"_seopress_robots_primary_cat":"none","_seopress_titles_title":"","_seopress_titles_desc":"","_seopress_robots_index":""},"product_brand":[74],"product_cat":[97],"product_tag":[],"class_list":{"0":"post-4303","1":"product","2":"type-product","3":"status-publish","4":"has-post-thumbnail","6":"product_brand-pneuvibe","7":"product_cat-bodenraketen","8":"product_shipping_class-15x15x110cm-15kg-de","10":"first","11":"instock","12":"taxable","13":"shipping-taxable","14":"purchasable","15":"product-type-simple"},"acf":[],"_links":{"self":[{"href":"https:\/\/inditec.nl\/de\/wp-json\/wp\/v2\/product\/4303","targetHints":{"allow":["GET"]}}],"collection":[{"href":"https:\/\/inditec.nl\/de\/wp-json\/wp\/v2\/product"}],"about":[{"href":"https:\/\/inditec.nl\/de\/wp-json\/wp\/v2\/types\/product"}],"wp:featuredmedia":[{"embeddable":true,"href":"https:\/\/inditec.nl\/de\/wp-json\/wp\/v2\/media\/4047"}],"wp:attachment":[{"href":"https:\/\/inditec.nl\/de\/wp-json\/wp\/v2\/media?parent=4303"}],"wp:term":[{"taxonomy":"product_brand","embeddable":true,"href":"https:\/\/inditec.nl\/de\/wp-json\/wp\/v2\/product_brand?post=4303"},{"taxonomy":"product_cat","embeddable":true,"href":"https:\/\/inditec.nl\/de\/wp-json\/wp\/v2\/product_cat?post=4303"},{"taxonomy":"product_tag","embeddable":true,"href":"https:\/\/inditec.nl\/de\/wp-json\/wp\/v2\/product_tag?post=4303"}],"curies":[{"name":"wp","href":"https:\/\/api.w.org\/{rel}","templated":true}]}}