{"id":4302,"date":"2025-02-11T10:39:00","date_gmt":"2025-02-11T10:39:00","guid":{"rendered":"https:\/\/inditec.nl\/product\/lubrostar-4l-olbehalter\/"},"modified":"2025-07-18T10:16:31","modified_gmt":"2025-07-18T10:16:31","slug":"lubrostar-4l-olbehalter","status":"publish","type":"product","link":"https:\/\/inditec.nl\/de\/produkte\/lubrostar-4l-olbehalter\/","title":{"rendered":"Lubrostar 4L \u00d6lbeh\u00e4lter"},"content":{"rendered":"<p>Die bekannten Lubrostar \u00d6lvernebler kaufen Sie f\u00fcrs Leben.<br \/>\nPr\u00e4zise einstellbar, leicht nachf\u00fcllbar und sehr zuverl\u00e4ssig.<br \/>\nF\u00fcr das passende \u00d6l schauen Sie in de Rubrik &#8222;Luftwerkzeuge&#8220;. <\/p>\n<p>Inhalt: 4L<br \/>\nMax Druck: 10 bar<br \/>\nMax Durchfluss: 4000 l\/min<br \/>\nAnschluss: L\u00fcdecke Klauenkupplung<\/p>\n","protected":false},"excerpt":{"rendered":"<p>Die bekannten Lubrostar \u00d6lvernebler kaufen Sie f\u00fcrs Leben. Pr\u00e4zise einstellbar, leicht nachf\u00fcllbar und sehr zuverl\u00e4ssig. F\u00fcr das passende \u00d6l schauen Sie in de Rubrik &#8222;Luftwerkzeuge&#8220;. Inhalt: 4L Max Druck: 10 bar Max Durchfluss: 4000 l\/min Anschluss: L\u00fcdecke Klauenkupplung<\/p>\n","protected":false},"featured_media":3237,"template":"","meta":{"_acf_changed":false,"_seopress_robots_primary_cat":"none","_seopress_titles_title":"","_seopress_titles_desc":"","_seopress_robots_index":""},"product_brand":[54],"product_cat":[99,125,101],"product_tag":[],"class_list":{"0":"post-4302","1":"product","2":"type-product","3":"status-publish","4":"has-post-thumbnail","6":"product_brand-lubro-star","7":"product_cat-luftwerkzeug","8":"product_cat-olzerstauber","9":"product_cat-schlaeuche-und-oeltoepfe","10":"product_shipping_class-20x20x15cm-3kg-de","12":"first","13":"instock","14":"taxable","15":"shipping-taxable","16":"purchasable","17":"product-type-simple"},"acf":[],"_links":{"self":[{"href":"https:\/\/inditec.nl\/de\/wp-json\/wp\/v2\/product\/4302","targetHints":{"allow":["GET"]}}],"collection":[{"href":"https:\/\/inditec.nl\/de\/wp-json\/wp\/v2\/product"}],"about":[{"href":"https:\/\/inditec.nl\/de\/wp-json\/wp\/v2\/types\/product"}],"wp:featuredmedia":[{"embeddable":true,"href":"https:\/\/inditec.nl\/de\/wp-json\/wp\/v2\/media\/3237"}],"wp:attachment":[{"href":"https:\/\/inditec.nl\/de\/wp-json\/wp\/v2\/media?parent=4302"}],"wp:term":[{"taxonomy":"product_brand","embeddable":true,"href":"https:\/\/inditec.nl\/de\/wp-json\/wp\/v2\/product_brand?post=4302"},{"taxonomy":"product_cat","embeddable":true,"href":"https:\/\/inditec.nl\/de\/wp-json\/wp\/v2\/product_cat?post=4302"},{"taxonomy":"product_tag","embeddable":true,"href":"https:\/\/inditec.nl\/de\/wp-json\/wp\/v2\/product_tag?post=4302"}],"curies":[{"name":"wp","href":"https:\/\/api.w.org\/{rel}","templated":true}]}}