{"id":4301,"date":"2025-02-11T10:38:58","date_gmt":"2025-02-11T10:38:58","guid":{"rendered":"https:\/\/inditec.nl\/product\/verteilerblock-mit-gerustbugel\/"},"modified":"2025-07-18T10:16:31","modified_gmt":"2025-07-18T10:16:31","slug":"verteilerblock-mit-gerustbugel","status":"publish","type":"product","link":"https:\/\/inditec.nl\/de\/produkte\/verteilerblock-mit-gerustbugel\/","title":{"rendered":"Verteilerblock mit Ger\u00fcstb\u00fcgel"},"content":{"rendered":"<p>Der 3\/4 Luftschlauch erreicht die Arbeitsh\u00f6he und wird am Verteilerblock angeschlossen, wodurch der Schlauch sozusagen am Ger\u00fcstb\u00fcgel h\u00e4ngt. <\/p>\n<p>Anschlie\u00dfend k\u00f6nnen Sie bis zu 6 d\u00fcnne Schl\u00e4uche mithilfe der Euro\/Orion-Kupplungen anschlie\u00dfen. <\/p>\n<p>Sehr robust ausgef\u00fchrt in anodisiertem Flugzeugaluminium.<\/p>\n","protected":false},"excerpt":{"rendered":"<p>Der 3\/4 Luftschlauch erreicht die Arbeitsh\u00f6he und wird am Verteilerblock angeschlossen, wodurch der Schlauch sozusagen am Ger\u00fcstb\u00fcgel h\u00e4ngt. Anschlie\u00dfend k\u00f6nnen Sie bis zu 6 d\u00fcnne Schl\u00e4uche mithilfe der Euro\/Orion-Kupplungen anschlie\u00dfen. Sehr robust ausgef\u00fchrt in anodisiertem Flugzeugaluminium.<\/p>\n","protected":false},"featured_media":3505,"template":"","meta":{"_acf_changed":false,"_seopress_robots_primary_cat":"none","_seopress_titles_title":"","_seopress_titles_desc":"Ideal zur Verwendung in Kombination mit dem Atlas Copco RRC13 Fugenhammer. \n4 Luftausg\u00e4nge.","_seopress_robots_index":""},"product_brand":[51],"product_cat":[128,99],"product_tag":[],"class_list":{"0":"post-4301","1":"product","2":"type-product","3":"status-publish","4":"has-post-thumbnail","6":"product_brand-inditec","7":"product_cat-gerustkonsole","8":"product_cat-luftwerkzeug","9":"product_shipping_class-20x20x15cm-3kg-de","11":"first","12":"instock","13":"taxable","14":"shipping-taxable","15":"purchasable","16":"product-type-simple"},"acf":[],"_links":{"self":[{"href":"https:\/\/inditec.nl\/de\/wp-json\/wp\/v2\/product\/4301","targetHints":{"allow":["GET"]}}],"collection":[{"href":"https:\/\/inditec.nl\/de\/wp-json\/wp\/v2\/product"}],"about":[{"href":"https:\/\/inditec.nl\/de\/wp-json\/wp\/v2\/types\/product"}],"wp:featuredmedia":[{"embeddable":true,"href":"https:\/\/inditec.nl\/de\/wp-json\/wp\/v2\/media\/3505"}],"wp:attachment":[{"href":"https:\/\/inditec.nl\/de\/wp-json\/wp\/v2\/media?parent=4301"}],"wp:term":[{"taxonomy":"product_brand","embeddable":true,"href":"https:\/\/inditec.nl\/de\/wp-json\/wp\/v2\/product_brand?post=4301"},{"taxonomy":"product_cat","embeddable":true,"href":"https:\/\/inditec.nl\/de\/wp-json\/wp\/v2\/product_cat?post=4301"},{"taxonomy":"product_tag","embeddable":true,"href":"https:\/\/inditec.nl\/de\/wp-json\/wp\/v2\/product_tag?post=4301"}],"curies":[{"name":"wp","href":"https:\/\/api.w.org\/{rel}","templated":true}]}}