{"id":4300,"date":"2025-02-11T10:38:58","date_gmt":"2025-02-11T10:38:58","guid":{"rendered":"https:\/\/inditec.nl\/product\/atlas-copco-rrc13-fugenhammer\/"},"modified":"2025-07-01T12:59:37","modified_gmt":"2025-07-01T12:59:37","slug":"atlas-copco-rrc13-fugenhammer","status":"publish","type":"product","link":"https:\/\/inditec.nl\/de\/produkte\/atlas-copco-rrc13-fugenhammer\/","title":{"rendered":"Atlas Copco RRC13 Fugenhammer"},"content":{"rendered":"<p>Der Atlas Copco RRC13 ist DER Fugenhammer f\u00fcr den professionellen Fugenbearbeiter.<\/p>\n<p>Bei uns ist dieser sehr preisg\u00fcnstig und direkt ab Lager lieferbar.<\/p>\n<p>Diese H\u00e4mmer sind bekannt f\u00fcr ihre hohe Schlagenergie!<\/p>\n<p>Der angegebene Preis ist exklusive Widia-Mei\u00dfel. Dieser kann f\u00fcr \u20ac90,- mitgeliefert werden und ist ebenfalls von sehr hoher Qualit\u00e4t.<\/p>\n<p>&nbsp;<\/p>\n<ul>\n<li>Gewicht: 1,3 kg<\/li>\n<li>Luchtverbruik: 600L\/min<\/li>\n<li>Mei\u00dfelaufnahme: Viereckig mit Aussparung<\/li>\n<li>Mitgeliefert: Puffer, Metallmei\u00dfel, Anschlussnippel<\/li>\n<\/ul>\n<p>&nbsp;<\/p>\n<p>&nbsp;<\/p>\n","protected":false},"excerpt":{"rendered":"<p>Der Atlas Copco RRC13 ist DER Fugenhammer f\u00fcr den professionellen Fugenbearbeiter. Bei uns ist dieser sehr preisg\u00fcnstig und direkt ab Lager lieferbar. Diese H\u00e4mmer sind bekannt f\u00fcr ihre hohe Schlagenergie! Der angegebene Preis ist exklusive Widia-Mei\u00dfel. Dieser kann f\u00fcr \u20ac90,- mitgeliefert werden und ist ebenfalls von sehr hoher Qualit\u00e4t. &nbsp; Gewicht: 1,3 kg Luchtverbruik: 600L\/min [&hellip;]<\/p>\n","protected":false},"featured_media":2943,"template":"","meta":{"_acf_changed":false,"_seopress_robots_primary_cat":"none","_seopress_titles_title":"Atlas Copco RRC13 Fugenhammer","_seopress_titles_desc":"Gewicht: 1,3 kg \nLuftverbrauch: 600 l\/min \nMei\u00dfelaufnahme: Viereckig mit Aussparung \nMitgeliefert: Puffer, Metallmei\u00dfel, Anschlussnippel","_seopress_robots_index":""},"product_brand":[53],"product_cat":[129,99],"product_tag":[],"class_list":{"0":"post-4300","1":"product","2":"type-product","3":"status-publish","4":"has-post-thumbnail","6":"product_brand-atlas-copco","7":"product_cat-fugenhammer","8":"product_cat-luftwerkzeug","10":"first","11":"onbackorder","12":"taxable","13":"shipping-taxable","14":"purchasable","15":"product-type-simple"},"acf":[],"_links":{"self":[{"href":"https:\/\/inditec.nl\/de\/wp-json\/wp\/v2\/product\/4300","targetHints":{"allow":["GET"]}}],"collection":[{"href":"https:\/\/inditec.nl\/de\/wp-json\/wp\/v2\/product"}],"about":[{"href":"https:\/\/inditec.nl\/de\/wp-json\/wp\/v2\/types\/product"}],"wp:featuredmedia":[{"embeddable":true,"href":"https:\/\/inditec.nl\/de\/wp-json\/wp\/v2\/media\/2943"}],"wp:attachment":[{"href":"https:\/\/inditec.nl\/de\/wp-json\/wp\/v2\/media?parent=4300"}],"wp:term":[{"taxonomy":"product_brand","embeddable":true,"href":"https:\/\/inditec.nl\/de\/wp-json\/wp\/v2\/product_brand?post=4300"},{"taxonomy":"product_cat","embeddable":true,"href":"https:\/\/inditec.nl\/de\/wp-json\/wp\/v2\/product_cat?post=4300"},{"taxonomy":"product_tag","embeddable":true,"href":"https:\/\/inditec.nl\/de\/wp-json\/wp\/v2\/product_tag?post=4300"}],"curies":[{"name":"wp","href":"https:\/\/api.w.org\/{rel}","templated":true}]}}